{"id":1445,"date":"2015-12-17T14:03:35","date_gmt":"2015-12-17T13:03:35","guid":{"rendered":"http:\/\/new.grandchamp.org\/de\/actualites\/"},"modified":"2016-03-03T16:16:42","modified_gmt":"2016-03-03T15:16:42","slug":"aktuell","status":"publish","type":"page","link":"https:\/\/www.grandchamp.org\/de\/aktuell\/","title":{"rendered":"Aktuell"},"content":{"rendered":"<p>[et_pb_section admin_label=&#8220;section&#8220;][et_pb_row admin_label=&#8220;row&#8220;][et_pb_column type=&#8220;4_4&#8243;][et_pb_blog admin_label=&#8220;Blog&#8220; fullwidth=&#8220;off&#8220; show_thumbnail=&#8220;on&#8220; show_content=&#8220;off&#8220; show_more=&#8220;on&#8220; show_author=&#8220;off&#8220; show_date=&#8220;off&#8220; show_categories=&#8220;off&#8220; show_comments=&#8220;off&#8220; show_pagination=&#8220;on&#8220; offset_number=&#8220;0&#8243; use_overlay=&#8220;off&#8220; background_layout=&#8220;light&#8220; use_dropshadow=&#8220;off&#8220; use_border_color=&#8220;on&#8220; border_color=&#8220;#ffffff&#8220; border_style=&#8220;solid&#8220; include_categories=&#8220;16,70,45&#8243;] [\/et_pb_blog][\/et_pb_column][\/et_pb_row][\/et_pb_section]<\/p>\n","protected":false},"excerpt":{"rendered":"","protected":false},"author":1,"featured_media":0,"parent":0,"menu_order":85,"comment_status":"open","ping_status":"open","template":"","meta":{"_et_pb_use_builder":"on","_et_pb_old_content":"","_et_gb_content_width":"","jetpack_post_was_ever_published":false,"footnotes":""},"class_list":["post-1445","page","type-page","status-publish","hentry"],"yoast_head":"<!-- This site is optimized with the Yoast SEO plugin v27.1.1 - https:\/\/yoast.com\/product\/yoast-seo-wordpress\/ -->\n<title>Aktuell | Communaut\u00e9 de Grandchamp<\/title>\n<meta name=\"robots\" content=\"index, follow, max-snippet:-1, max-image-preview:large, max-video-preview:-1\" \/>\n<link rel=\"canonical\" href=\"https:\/\/www.grandchamp.org\/de\/aktuell\/\" \/>\n<meta property=\"og:locale\" content=\"de_DE\" \/>\n<meta property=\"og:type\" content=\"article\" \/>\n<meta property=\"og:title\" content=\"Aktuell | Communaut\u00e9 de Grandchamp\" \/>\n<meta property=\"og:url\" content=\"https:\/\/www.grandchamp.org\/de\/aktuell\/\" \/>\n<meta property=\"og:site_name\" content=\"Communaut\u00e9 de Grandchamp\" \/>\n<meta property=\"article:publisher\" content=\"https:\/\/www.facebook.com\/communautedegrandchamp\/\" \/>\n<meta property=\"article:modified_time\" content=\"2016-03-03T15:16:42+00:00\" \/>\n<meta property=\"og:image\" content=\"https:\/\/i0.wp.com\/www.grandchamp.org\/wp-content\/uploads\/2016\/01\/3.arche-cour-srs.jpg?fit=1000%2C750&ssl=1\" \/>\n\t<meta property=\"og:image:width\" content=\"1000\" \/>\n\t<meta property=\"og:image:height\" content=\"750\" \/>\n\t<meta property=\"og:image:type\" content=\"image\/jpeg\" \/>\n<meta name=\"twitter:card\" content=\"summary_large_image\" \/>\n<script type=\"application\/ld+json\" class=\"yoast-schema-graph\">{\"@context\":\"https:\/\/schema.org\",\"@graph\":[{\"@type\":\"WebPage\",\"@id\":\"https:\/\/www.grandchamp.org\/de\/aktuell\/\",\"url\":\"https:\/\/www.grandchamp.org\/de\/aktuell\/\",\"name\":\"Aktuell | Communaut\u00e9 de Grandchamp\",\"isPartOf\":{\"@id\":\"https:\/\/www.grandchamp.org\/#website\"},\"datePublished\":\"2015-12-17T13:03:35+00:00\",\"dateModified\":\"2016-03-03T15:16:42+00:00\",\"breadcrumb\":{\"@id\":\"https:\/\/www.grandchamp.org\/de\/aktuell\/#breadcrumb\"},\"inLanguage\":\"de\",\"potentialAction\":[{\"@type\":\"ReadAction\",\"target\":[\"https:\/\/www.grandchamp.org\/de\/aktuell\/\"]}]},{\"@type\":\"BreadcrumbList\",\"@id\":\"https:\/\/www.grandchamp.org\/de\/aktuell\/#breadcrumb\",\"itemListElement\":[{\"@type\":\"ListItem\",\"position\":1,\"name\":\"Home\",\"item\":\"https:\/\/www.grandchamp.org\/\"},{\"@type\":\"ListItem\",\"position\":2,\"name\":\"Aktuell\"}]},{\"@type\":\"WebSite\",\"@id\":\"https:\/\/www.grandchamp.org\/#website\",\"url\":\"https:\/\/www.grandchamp.org\/\",\"name\":\"Communaut\u00e9 de Grandchamp\",\"description\":\"Site de la Communaut\u00e9 de Grandchamp \u00e0 Areuse, Suisse\",\"publisher\":{\"@id\":\"https:\/\/www.grandchamp.org\/#organization\"},\"potentialAction\":[{\"@type\":\"SearchAction\",\"target\":{\"@type\":\"EntryPoint\",\"urlTemplate\":\"https:\/\/www.grandchamp.org\/?s={search_term_string}\"},\"query-input\":{\"@type\":\"PropertyValueSpecification\",\"valueRequired\":true,\"valueName\":\"search_term_string\"}}],\"inLanguage\":\"de\"},{\"@type\":\"Organization\",\"@id\":\"https:\/\/www.grandchamp.org\/#organization\",\"name\":\"Communaut\u00e9 de Grandchamp\",\"url\":\"https:\/\/www.grandchamp.org\/\",\"logo\":{\"@type\":\"ImageObject\",\"inLanguage\":\"de\",\"@id\":\"https:\/\/www.grandchamp.org\/#\/schema\/logo\/image\/\",\"url\":\"https:\/\/i0.wp.com\/www.grandchamp.org\/wp-content\/uploads\/2015\/12\/Communaute\u0301_Grandchamp_logodef_QUADRI.jpg?fit=2105%2C1152&ssl=1\",\"contentUrl\":\"https:\/\/i0.wp.com\/www.grandchamp.org\/wp-content\/uploads\/2015\/12\/Communaute\u0301_Grandchamp_logodef_QUADRI.jpg?fit=2105%2C1152&ssl=1\",\"width\":2105,\"height\":1152,\"caption\":\"Communaut\u00e9 de Grandchamp\"},\"image\":{\"@id\":\"https:\/\/www.grandchamp.org\/#\/schema\/logo\/image\/\"},\"sameAs\":[\"https:\/\/www.facebook.com\/communautedegrandchamp\/\"]}]}<\/script>\n<!-- \/ Yoast SEO plugin. -->","yoast_head_json":{"title":"Aktuell | Communaut\u00e9 de Grandchamp","robots":{"index":"index","follow":"follow","max-snippet":"max-snippet:-1","max-image-preview":"max-image-preview:large","max-video-preview":"max-video-preview:-1"},"canonical":"https:\/\/www.grandchamp.org\/de\/aktuell\/","og_locale":"de_DE","og_type":"article","og_title":"Aktuell | Communaut\u00e9 de Grandchamp","og_url":"https:\/\/www.grandchamp.org\/de\/aktuell\/","og_site_name":"Communaut\u00e9 de Grandchamp","article_publisher":"https:\/\/www.facebook.com\/communautedegrandchamp\/","article_modified_time":"2016-03-03T15:16:42+00:00","og_image":[{"width":1000,"height":750,"url":"https:\/\/i0.wp.com\/www.grandchamp.org\/wp-content\/uploads\/2016\/01\/3.arche-cour-srs.jpg?fit=1000%2C750&ssl=1","type":"image\/jpeg"}],"twitter_card":"summary_large_image","schema":{"@context":"https:\/\/schema.org","@graph":[{"@type":"WebPage","@id":"https:\/\/www.grandchamp.org\/de\/aktuell\/","url":"https:\/\/www.grandchamp.org\/de\/aktuell\/","name":"Aktuell | Communaut\u00e9 de Grandchamp","isPartOf":{"@id":"https:\/\/www.grandchamp.org\/#website"},"datePublished":"2015-12-17T13:03:35+00:00","dateModified":"2016-03-03T15:16:42+00:00","breadcrumb":{"@id":"https:\/\/www.grandchamp.org\/de\/aktuell\/#breadcrumb"},"inLanguage":"de","potentialAction":[{"@type":"ReadAction","target":["https:\/\/www.grandchamp.org\/de\/aktuell\/"]}]},{"@type":"BreadcrumbList","@id":"https:\/\/www.grandchamp.org\/de\/aktuell\/#breadcrumb","itemListElement":[{"@type":"ListItem","position":1,"name":"Home","item":"https:\/\/www.grandchamp.org\/"},{"@type":"ListItem","position":2,"name":"Aktuell"}]},{"@type":"WebSite","@id":"https:\/\/www.grandchamp.org\/#website","url":"https:\/\/www.grandchamp.org\/","name":"Communaut\u00e9 de Grandchamp","description":"Site de la Communaut\u00e9 de Grandchamp \u00e0 Areuse, Suisse","publisher":{"@id":"https:\/\/www.grandchamp.org\/#organization"},"potentialAction":[{"@type":"SearchAction","target":{"@type":"EntryPoint","urlTemplate":"https:\/\/www.grandchamp.org\/?s={search_term_string}"},"query-input":{"@type":"PropertyValueSpecification","valueRequired":true,"valueName":"search_term_string"}}],"inLanguage":"de"},{"@type":"Organization","@id":"https:\/\/www.grandchamp.org\/#organization","name":"Communaut\u00e9 de Grandchamp","url":"https:\/\/www.grandchamp.org\/","logo":{"@type":"ImageObject","inLanguage":"de","@id":"https:\/\/www.grandchamp.org\/#\/schema\/logo\/image\/","url":"https:\/\/i0.wp.com\/www.grandchamp.org\/wp-content\/uploads\/2015\/12\/Communaute\u0301_Grandchamp_logodef_QUADRI.jpg?fit=2105%2C1152&ssl=1","contentUrl":"https:\/\/i0.wp.com\/www.grandchamp.org\/wp-content\/uploads\/2015\/12\/Communaute\u0301_Grandchamp_logodef_QUADRI.jpg?fit=2105%2C1152&ssl=1","width":2105,"height":1152,"caption":"Communaut\u00e9 de Grandchamp"},"image":{"@id":"https:\/\/www.grandchamp.org\/#\/schema\/logo\/image\/"},"sameAs":["https:\/\/www.facebook.com\/communautedegrandchamp\/"]}]}},"jetpack_shortlink":"https:\/\/wp.me\/P7jU1J-nj","jetpack_sharing_enabled":true,"_links":{"self":[{"href":"https:\/\/www.grandchamp.org\/de\/wp-json\/wp\/v2\/pages\/1445","targetHints":{"allow":["GET"]}}],"collection":[{"href":"https:\/\/www.grandchamp.org\/de\/wp-json\/wp\/v2\/pages"}],"about":[{"href":"https:\/\/www.grandchamp.org\/de\/wp-json\/wp\/v2\/types\/page"}],"author":[{"embeddable":true,"href":"https:\/\/www.grandchamp.org\/de\/wp-json\/wp\/v2\/users\/1"}],"replies":[{"embeddable":true,"href":"https:\/\/www.grandchamp.org\/de\/wp-json\/wp\/v2\/comments?post=1445"}],"version-history":[{"count":4,"href":"https:\/\/www.grandchamp.org\/de\/wp-json\/wp\/v2\/pages\/1445\/revisions"}],"predecessor-version":[{"id":4079,"href":"https:\/\/www.grandchamp.org\/de\/wp-json\/wp\/v2\/pages\/1445\/revisions\/4079"}],"wp:attachment":[{"href":"https:\/\/www.grandchamp.org\/de\/wp-json\/wp\/v2\/media?parent=1445"}],"curies":[{"name":"wp","href":"https:\/\/api.w.org\/{rel}","templated":true}]}}