{"id":20215,"date":"2019-02-03T19:23:32","date_gmt":"2019-02-03T18:23:32","guid":{"rendered":"https:\/\/www.grandchamp.org\/?page_id=20215"},"modified":"2019-02-03T20:01:04","modified_gmt":"2019-02-03T19:01:04","slug":"impressum","status":"publish","type":"page","link":"https:\/\/www.grandchamp.org\/de\/impressum\/","title":{"rendered":"Impressum"},"content":{"rendered":"<p>[et_pb_section fb_built=&#8220;1&#8243; fullwidth=&#8220;on&#8220; _builder_version=&#8220;3.19.11&#8243;][et_pb_fullwidth_slider _builder_version=&#8220;3.19.11&#8243;][et_pb_slide use_text_overlay=&#8220;on&#8220; heading=&#8220;Impressum&#8220; _builder_version=&#8220;3.19.11&#8243; background_image=&#8220;https:\/\/www.grandchamp.org\/wp-content\/uploads\/2017\/12\/Nouvelles-2017-header-3.jpg&#8220;][\/et_pb_slide][\/et_pb_fullwidth_slider][\/et_pb_section][et_pb_section fb_built=&#8220;1&#8243; _builder_version=&#8220;3.0.47&#8243;][et_pb_row _builder_version=&#8220;3.0.48&#8243; background_size=&#8220;initial&#8220; background_position=&#8220;top_left&#8220; background_repeat=&#8220;repeat&#8220;][et_pb_column type=&#8220;4_4&#8243; _builder_version=&#8220;3.19.11&#8243; parallax=&#8220;off&#8220; parallax_method=&#8220;on&#8220;][et_pb_text _builder_version=&#8220;3.19.11&#8243;]<\/p>\n<h2>Redaktion und verantwortlich f\u00fcr den Inhalt<\/h2>\n<p>Communaut\u00e9 de Grandchamp<br \/>\nGrandchamp 4<br \/>\nCH-2015 Areuse<br \/>\nSuisse<\/p>\n<p>Tel +41-32- 842 24 92<\/p>\n<p>eMail: <a href=\"mailto:communaute@grandchamp.org\">webmaster@grandchamp.org<\/a><\/p>\n<p>&nbsp;<\/p>\n<p>Bankverbindung<br \/>\nPostFinance, CH 3030 Bern<br \/>\nFondation des retraites spirituelles de la Communaut\u00e9 de Grandchamp<br \/>\nCCP: 20-2358-6<br \/>\nIBAN: CH36 0900 0000 2000 2358 6;<br \/>\nBIC: POFICHBEXXX<\/p>\n<p>&nbsp;<\/p>\n<h2>Haftungsausschluss<\/h2>\n<p>Wir \u00fcbernehmen keinerlei Gew\u00e4hr hinsichtlich der inhaltlichen Richtigkeit, Genauigkeit, Aktualit\u00e4t, Zuverl\u00e4ssigkeit und Vollst\u00e4ndigkeit der Informationen. Haftungsanspr\u00fcche gegen die Communaut\u00e9 de Grandchamp wegen Sch\u00e4den materieller oder immaterieller Art, welche aus dem Zugriff oder der Nutzung bzw. Nichtnutzung der ver\u00f6ffentlichten Informationen, durch Missbrauch der Verbindung oder durch technische St\u00f6rungen entstanden sind, werden ausgeschlossen. Alle Angebote sind unverbindlich. Die Communaut\u00e9 de Grandchamp beh\u00e4lt es sich ausdr\u00fccklich vor, Teile der Seiten oder das gesamte Angebot ohne gesonderte Ank\u00fcndigung zu ver\u00e4ndern, zu erg\u00e4nzen, zu l\u00f6schen oder die Ver\u00f6ffentlichung zeitweise oder endg\u00fcltig einzustellen.<\/p>\n<p>&nbsp;<\/p>\n<h2>\u00a9 Copyright<\/h2>\n<p>Die Urheber- und alle anderen Rechte an Inhalten, Bildern, Fotografien oder anderen Dateien auf der Website geh\u00f6ren ausschliesslich der Communaut\u00e9 de Grandchamp oder den speziell genannten Rechtsinhabern. Jegliche Nutzung, Reproduktion, Vervielf\u00e4ltigung, Vertrieb oder Ver\u00e4nderung aller Elemente\/Fotos auf dieser Webseite ist nur mit ausdr\u00fccklicher Zustimmung und schriftlicher Genehmigung gestattet.<\/p>\n<p>&nbsp;<\/p>\n<h2>Haftung f\u00fcr Links<\/h2>\n<p>Verweise und Links auf Webseiten Dritter liegen ausserhalb unseres Verantwortungsbereichs. Es wird jegliche Verantwortung f\u00fcr solche Webseiten abgelehnt, diese Seiten sind lediglich Empfehlungen. Der Zugriff und die Nutzung solcher Webseiten erfolgen auf eigene Gefahr des Nutzers oder der Nutzerin.<\/p>\n<p>&nbsp;<\/p>\n<p>\u00a9 2019 Copyright Communaut\u00e9 de Grandchamp \u2013 alle Rechte vorbehalten.[\/et_pb_text][\/et_pb_column][\/et_pb_row][\/et_pb_section]<\/p>\n","protected":false},"excerpt":{"rendered":"<p>Redaktion und verantwortlich f\u00fcr den Inhalt Communaut\u00e9 de Grandchamp Grandchamp 4 CH-2015 Areuse Suisse Tel +41-32- 842 24 92 eMail: webmaster@grandchamp.org &nbsp; Bankverbindung PostFinance, CH 3030 Bern Fondation des retraites spirituelles de la Communaut\u00e9 de Grandchamp CCP: 20-2358-6 IBAN: CH36 0900 0000 2000 2358 6; BIC: POFICHBEXXX &nbsp; Haftungsausschluss Wir \u00fcbernehmen keinerlei Gew\u00e4hr hinsichtlich der [&hellip;]<\/p>\n","protected":false},"author":14,"featured_media":0,"parent":0,"menu_order":37,"comment_status":"closed","ping_status":"closed","template":"","meta":{"_et_pb_use_builder":"on","_et_pb_old_content":"","_et_gb_content_width":"","jetpack_post_was_ever_published":false,"footnotes":""},"class_list":["post-20215","page","type-page","status-publish","hentry"],"yoast_head":"<!-- This site is optimized with the Yoast SEO plugin v27.1.1 - https:\/\/yoast.com\/product\/yoast-seo-wordpress\/ -->\n<title>Impressum | Communaut\u00e9 de Grandchamp<\/title>\n<meta name=\"robots\" content=\"index, follow, max-snippet:-1, max-image-preview:large, max-video-preview:-1\" \/>\n<link rel=\"canonical\" href=\"https:\/\/www.grandchamp.org\/de\/impressum\/\" \/>\n<meta property=\"og:locale\" content=\"de_DE\" \/>\n<meta property=\"og:type\" content=\"article\" \/>\n<meta property=\"og:title\" content=\"Impressum | Communaut\u00e9 de Grandchamp\" \/>\n<meta property=\"og:description\" content=\"Redaktion und verantwortlich f\u00fcr den Inhalt Communaut\u00e9 de Grandchamp Grandchamp 4 CH-2015 Areuse Suisse Tel +41-32- 842 24 92 eMail: webmaster@grandchamp.org &nbsp; Bankverbindung PostFinance, CH 3030 Bern Fondation des retraites spirituelles de la Communaut\u00e9 de Grandchamp CCP: 20-2358-6 IBAN: CH36 0900 0000 2000 2358 6; BIC: POFICHBEXXX &nbsp; Haftungsausschluss Wir \u00fcbernehmen keinerlei Gew\u00e4hr hinsichtlich der [&hellip;]\" \/>\n<meta property=\"og:url\" content=\"https:\/\/www.grandchamp.org\/de\/impressum\/\" \/>\n<meta property=\"og:site_name\" content=\"Communaut\u00e9 de Grandchamp\" \/>\n<meta property=\"article:publisher\" content=\"https:\/\/www.facebook.com\/communautedegrandchamp\/\" \/>\n<meta property=\"article:modified_time\" content=\"2019-02-03T19:01:04+00:00\" \/>\n<meta property=\"og:image\" content=\"https:\/\/i0.wp.com\/www.grandchamp.org\/wp-content\/uploads\/2016\/01\/3.arche-cour-srs.jpg?fit=1000%2C750&ssl=1\" \/>\n\t<meta property=\"og:image:width\" content=\"1000\" \/>\n\t<meta property=\"og:image:height\" content=\"750\" \/>\n\t<meta property=\"og:image:type\" content=\"image\/jpeg\" \/>\n<meta name=\"twitter:card\" content=\"summary_large_image\" \/>\n<meta name=\"twitter:label1\" content=\"Gesch\u00e4tzte Lesezeit\" \/>\n\t<meta name=\"twitter:data1\" content=\"2\u00a0Minuten\" \/>\n<script type=\"application\/ld+json\" class=\"yoast-schema-graph\">{\"@context\":\"https:\/\/schema.org\",\"@graph\":[{\"@type\":\"WebPage\",\"@id\":\"https:\/\/www.grandchamp.org\/de\/impressum\/\",\"url\":\"https:\/\/www.grandchamp.org\/de\/impressum\/\",\"name\":\"Impressum | Communaut\u00e9 de Grandchamp\",\"isPartOf\":{\"@id\":\"https:\/\/www.grandchamp.org\/#website\"},\"datePublished\":\"2019-02-03T18:23:32+00:00\",\"dateModified\":\"2019-02-03T19:01:04+00:00\",\"breadcrumb\":{\"@id\":\"https:\/\/www.grandchamp.org\/de\/impressum\/#breadcrumb\"},\"inLanguage\":\"de\",\"potentialAction\":[{\"@type\":\"ReadAction\",\"target\":[\"https:\/\/www.grandchamp.org\/de\/impressum\/\"]}]},{\"@type\":\"BreadcrumbList\",\"@id\":\"https:\/\/www.grandchamp.org\/de\/impressum\/#breadcrumb\",\"itemListElement\":[{\"@type\":\"ListItem\",\"position\":1,\"name\":\"Home\",\"item\":\"https:\/\/www.grandchamp.org\/\"},{\"@type\":\"ListItem\",\"position\":2,\"name\":\"Impressum\"}]},{\"@type\":\"WebSite\",\"@id\":\"https:\/\/www.grandchamp.org\/#website\",\"url\":\"https:\/\/www.grandchamp.org\/\",\"name\":\"Communaut\u00e9 de Grandchamp\",\"description\":\"Site de la Communaut\u00e9 de Grandchamp \u00e0 Areuse, Suisse\",\"publisher\":{\"@id\":\"https:\/\/www.grandchamp.org\/#organization\"},\"potentialAction\":[{\"@type\":\"SearchAction\",\"target\":{\"@type\":\"EntryPoint\",\"urlTemplate\":\"https:\/\/www.grandchamp.org\/?s={search_term_string}\"},\"query-input\":{\"@type\":\"PropertyValueSpecification\",\"valueRequired\":true,\"valueName\":\"search_term_string\"}}],\"inLanguage\":\"de\"},{\"@type\":\"Organization\",\"@id\":\"https:\/\/www.grandchamp.org\/#organization\",\"name\":\"Communaut\u00e9 de Grandchamp\",\"url\":\"https:\/\/www.grandchamp.org\/\",\"logo\":{\"@type\":\"ImageObject\",\"inLanguage\":\"de\",\"@id\":\"https:\/\/www.grandchamp.org\/#\/schema\/logo\/image\/\",\"url\":\"https:\/\/i0.wp.com\/www.grandchamp.org\/wp-content\/uploads\/2015\/12\/Communaute\u0301_Grandchamp_logodef_QUADRI.jpg?fit=2105%2C1152&ssl=1\",\"contentUrl\":\"https:\/\/i0.wp.com\/www.grandchamp.org\/wp-content\/uploads\/2015\/12\/Communaute\u0301_Grandchamp_logodef_QUADRI.jpg?fit=2105%2C1152&ssl=1\",\"width\":2105,\"height\":1152,\"caption\":\"Communaut\u00e9 de Grandchamp\"},\"image\":{\"@id\":\"https:\/\/www.grandchamp.org\/#\/schema\/logo\/image\/\"},\"sameAs\":[\"https:\/\/www.facebook.com\/communautedegrandchamp\/\"]}]}<\/script>\n<!-- \/ Yoast SEO plugin. -->","yoast_head_json":{"title":"Impressum | Communaut\u00e9 de Grandchamp","robots":{"index":"index","follow":"follow","max-snippet":"max-snippet:-1","max-image-preview":"max-image-preview:large","max-video-preview":"max-video-preview:-1"},"canonical":"https:\/\/www.grandchamp.org\/de\/impressum\/","og_locale":"de_DE","og_type":"article","og_title":"Impressum | Communaut\u00e9 de Grandchamp","og_description":"Redaktion und verantwortlich f\u00fcr den Inhalt Communaut\u00e9 de Grandchamp Grandchamp 4 CH-2015 Areuse Suisse Tel +41-32- 842 24 92 eMail: webmaster@grandchamp.org &nbsp; Bankverbindung PostFinance, CH 3030 Bern Fondation des retraites spirituelles de la Communaut\u00e9 de Grandchamp CCP: 20-2358-6 IBAN: CH36 0900 0000 2000 2358 6; BIC: POFICHBEXXX &nbsp; Haftungsausschluss Wir \u00fcbernehmen keinerlei Gew\u00e4hr hinsichtlich der [&hellip;]","og_url":"https:\/\/www.grandchamp.org\/de\/impressum\/","og_site_name":"Communaut\u00e9 de Grandchamp","article_publisher":"https:\/\/www.facebook.com\/communautedegrandchamp\/","article_modified_time":"2019-02-03T19:01:04+00:00","og_image":[{"width":1000,"height":750,"url":"https:\/\/i0.wp.com\/www.grandchamp.org\/wp-content\/uploads\/2016\/01\/3.arche-cour-srs.jpg?fit=1000%2C750&ssl=1","type":"image\/jpeg"}],"twitter_card":"summary_large_image","twitter_misc":{"Gesch\u00e4tzte Lesezeit":"2\u00a0Minuten"},"schema":{"@context":"https:\/\/schema.org","@graph":[{"@type":"WebPage","@id":"https:\/\/www.grandchamp.org\/de\/impressum\/","url":"https:\/\/www.grandchamp.org\/de\/impressum\/","name":"Impressum | Communaut\u00e9 de Grandchamp","isPartOf":{"@id":"https:\/\/www.grandchamp.org\/#website"},"datePublished":"2019-02-03T18:23:32+00:00","dateModified":"2019-02-03T19:01:04+00:00","breadcrumb":{"@id":"https:\/\/www.grandchamp.org\/de\/impressum\/#breadcrumb"},"inLanguage":"de","potentialAction":[{"@type":"ReadAction","target":["https:\/\/www.grandchamp.org\/de\/impressum\/"]}]},{"@type":"BreadcrumbList","@id":"https:\/\/www.grandchamp.org\/de\/impressum\/#breadcrumb","itemListElement":[{"@type":"ListItem","position":1,"name":"Home","item":"https:\/\/www.grandchamp.org\/"},{"@type":"ListItem","position":2,"name":"Impressum"}]},{"@type":"WebSite","@id":"https:\/\/www.grandchamp.org\/#website","url":"https:\/\/www.grandchamp.org\/","name":"Communaut\u00e9 de Grandchamp","description":"Site de la Communaut\u00e9 de Grandchamp \u00e0 Areuse, Suisse","publisher":{"@id":"https:\/\/www.grandchamp.org\/#organization"},"potentialAction":[{"@type":"SearchAction","target":{"@type":"EntryPoint","urlTemplate":"https:\/\/www.grandchamp.org\/?s={search_term_string}"},"query-input":{"@type":"PropertyValueSpecification","valueRequired":true,"valueName":"search_term_string"}}],"inLanguage":"de"},{"@type":"Organization","@id":"https:\/\/www.grandchamp.org\/#organization","name":"Communaut\u00e9 de Grandchamp","url":"https:\/\/www.grandchamp.org\/","logo":{"@type":"ImageObject","inLanguage":"de","@id":"https:\/\/www.grandchamp.org\/#\/schema\/logo\/image\/","url":"https:\/\/i0.wp.com\/www.grandchamp.org\/wp-content\/uploads\/2015\/12\/Communaute\u0301_Grandchamp_logodef_QUADRI.jpg?fit=2105%2C1152&ssl=1","contentUrl":"https:\/\/i0.wp.com\/www.grandchamp.org\/wp-content\/uploads\/2015\/12\/Communaute\u0301_Grandchamp_logodef_QUADRI.jpg?fit=2105%2C1152&ssl=1","width":2105,"height":1152,"caption":"Communaut\u00e9 de Grandchamp"},"image":{"@id":"https:\/\/www.grandchamp.org\/#\/schema\/logo\/image\/"},"sameAs":["https:\/\/www.facebook.com\/communautedegrandchamp\/"]}]}},"jetpack_shortlink":"https:\/\/wp.me\/P7jU1J-5g3","jetpack_sharing_enabled":true,"_links":{"self":[{"href":"https:\/\/www.grandchamp.org\/de\/wp-json\/wp\/v2\/pages\/20215","targetHints":{"allow":["GET"]}}],"collection":[{"href":"https:\/\/www.grandchamp.org\/de\/wp-json\/wp\/v2\/pages"}],"about":[{"href":"https:\/\/www.grandchamp.org\/de\/wp-json\/wp\/v2\/types\/page"}],"author":[{"embeddable":true,"href":"https:\/\/www.grandchamp.org\/de\/wp-json\/wp\/v2\/users\/14"}],"replies":[{"embeddable":true,"href":"https:\/\/www.grandchamp.org\/de\/wp-json\/wp\/v2\/comments?post=20215"}],"version-history":[{"count":1,"href":"https:\/\/www.grandchamp.org\/de\/wp-json\/wp\/v2\/pages\/20215\/revisions"}],"predecessor-version":[{"id":20216,"href":"https:\/\/www.grandchamp.org\/de\/wp-json\/wp\/v2\/pages\/20215\/revisions\/20216"}],"wp:attachment":[{"href":"https:\/\/www.grandchamp.org\/de\/wp-json\/wp\/v2\/media?parent=20215"}],"curies":[{"name":"wp","href":"https:\/\/api.w.org\/{rel}","templated":true}]}}