{"id":21672,"date":"2019-02-08T19:36:05","date_gmt":"2019-02-08T18:36:05","guid":{"rendered":"https:\/\/www.grandchamp.org\/kontakt-2\/"},"modified":"2023-04-28T11:34:33","modified_gmt":"2023-04-28T09:34:33","slug":"kontakt","status":"publish","type":"page","link":"https:\/\/www.grandchamp.org\/de\/kontakt\/","title":{"rendered":"Kontakt"},"content":{"rendered":"<p>[et_pb_section fb_built=&#8220;1&#8243; fullwidth=&#8220;on&#8220; _builder_version=&#8220;3.22.3&#8243;][et_pb_fullwidth_slider _builder_version=&#8220;3.23.3&#8243; header_level=&#8220;h1&#8243; header_font=&#8220;|600|||||||&#8220; header_font_size=&#8220;40px&#8220; body_font=&#8220;||||||||&#8220; custom_margin=&#8220;||0px&#8220; custom_padding_tablet=&#8220;20px||20px|&#8220; custom_padding_phone=&#8220;10px||10px|&#8220; custom_padding_last_edited=&#8220;on|tablet&#8220; header_font_size_tablet=&#8220;30px&#8220; header_font_size_phone=&#8220;25px&#8220; header_font_size_last_edited=&#8220;on|phone&#8220; body_font_size_tablet=&#8220;&#8220; body_font_size_phone=&#8220;13px&#8220; body_font_size_last_edited=&#8220;on|desktop&#8220;][et_pb_slide heading=&#8220;Kontaktieren Sie uns&#8220; use_text_overlay=&#8220;on&#8220; _builder_version=&#8220;3.23.3&#8243; background_image=&#8220;https:\/\/www.grandchamp.org\/wp-content\/uploads\/2016\/01\/P1100772.jpg&#8220; custom_padding_tablet=&#8220;&#8220; custom_padding_phone=&#8220;&#8220; custom_padding_last_edited=&#8220;on|desktop&#8220;][\/et_pb_slide][\/et_pb_fullwidth_slider][\/et_pb_section][et_pb_section fb_built=&#8220;1&#8243; custom_padding_last_edited=&#8220;on|desktop&#8220; admin_label=&#8220;section&#8220; _builder_version=&#8220;3.22.3&#8243; custom_padding_tablet=&#8220;50px|0|50px|0&#8243; custom_padding_phone=&#8220;&#8220; padding_mobile=&#8220;off&#8220;][et_pb_row padding_mobile=&#8220;off&#8220; column_padding_mobile=&#8220;on&#8220; admin_label=&#8220;Ligne&#8220; _builder_version=&#8220;3.25&#8243; background_size=&#8220;initial&#8220; background_position=&#8220;top_left&#8220; background_repeat=&#8220;repeat&#8220; column_structure=&#8220;1_2,1_2&#8243;][et_pb_column type=&#8220;1_2&#8243; _builder_version=&#8220;3.25&#8243; custom_padding=&#8220;|||&#8220; custom_padding__hover=&#8220;|||&#8220;][et_pb_text _builder_version=&#8220;4.5.6&#8243; background_size=&#8220;initial&#8220; background_position=&#8220;top_left&#8220; background_repeat=&#8220;repeat&#8220; hover_enabled=&#8220;0&#8243; use_border_color=&#8220;off&#8220; border_color=&#8220;#ffffff&#8220; border_style=&#8220;solid&#8220;]<\/p>\n<h3>Adresse<\/h3>\n<p>Communaut\u00e9 de Grandchamp<br \/>\nGrandchamp 4<br \/>\nCH 2015 Areuse<br \/>\nSchweiz<\/p>\n<h3><\/h3>\n<h3>Telefon<strong><br \/>\n<\/strong><\/h3>\n<p>+41 32 842 24 92 (Mittwoch bis Samstag 9h30 \u2013 11h30, 16h00 \u2013 18h00)<\/p>\n<h3><\/h3>\n<h3>Email<\/h3>\n<ul>\n<li><strong>Allgemein<\/strong>: <a href=\"mailto:communaute@grandchamp.org\">communaute@grandchamp.org<\/a><\/li>\n<li><strong>Empfang<\/strong>: <a href=\"mailto:accueil@grandchamp.org\">accueil@grandchamp.org<\/a><\/li>\n<li><strong>Volontariat<\/strong>: <a href=\"mailto:volontariat@grandchamp.org\">volontariat@grandchamp.org<\/a><\/li>\n<li><strong>Anfrage f\u00fcr F\u00fcrbitte<\/strong>: <a href=\"mailto:chapelle@grandchamp.org\">chapelle@grandchamp.org<\/a><\/li>\n<li><strong>le cercle d&#8217;ami\u00b7e\u00b7s <\/strong>: <a href=\"mailto:cercle.ami-e-s@grandchamp.org\">cercle.ami-e-s@grandchamp.org<\/a><\/li>\n<\/ul>\n<p>[\/et_pb_text][\/et_pb_column][et_pb_column type=&#8220;1_2&#8243; _builder_version=&#8220;3.25&#8243; custom_padding=&#8220;|||&#8220; custom_padding__hover=&#8220;|||&#8220;][et_pb_map address=&#8220;Grandchamp 4&#8243; zoom_level=&#8220;11&#8243; address_lat=&#8220;46.95220779999999&#8243; address_lng=&#8220;6.858484500000031&#8243; admin_label=&#8220;Carte&#8220; _builder_version=&#8220;3.19.11&#8243;][et_pb_map_pin title=&#8220;Communaut\u00e9 de Grandchamp&#8220; pin_address=&#8220;Grandchamp 4&#8243; pin_address_lat=&#8220;46.9522078&#8243; pin_address_lng=&#8220;6.858484500000031&#8243; _builder_version=&#8220;3.19.11&#8243;][\/et_pb_map_pin][\/et_pb_map][\/et_pb_column][\/et_pb_row][\/et_pb_section]<\/p>\n","protected":false},"excerpt":{"rendered":"<p>Adresse Communaut\u00e9 de Grandchamp Grandchamp 4 CH 2015 Areuse Schweiz Telefon +41 32 842 24 92 (Mittwoch bis Samstag 9h30 \u2013 11h30, 16h00 \u2013 18h00) Email Allgemein: communaute@grandchamp.org Empfang: accueil@grandchamp.org Volontariat: volontariat@grandchamp.org Anfrage f\u00fcr F\u00fcrbitte: chapelle@grandchamp.org le cercle d&#8217;ami\u00b7e\u00b7s : cercle.ami-e-s@grandchamp.org<\/p>\n","protected":false},"author":14,"featured_media":0,"parent":0,"menu_order":95,"comment_status":"closed","ping_status":"closed","template":"","meta":{"_et_pb_use_builder":"on","_et_pb_old_content":"","_et_gb_content_width":"","jetpack_post_was_ever_published":false,"footnotes":""},"class_list":["post-21672","page","type-page","status-publish","hentry"],"yoast_head":"<!-- This site is optimized with the Yoast SEO plugin v27.1.1 - https:\/\/yoast.com\/product\/yoast-seo-wordpress\/ -->\n<title>Kontakt | Communaut\u00e9 de Grandchamp<\/title>\n<meta name=\"robots\" content=\"index, follow, max-snippet:-1, max-image-preview:large, max-video-preview:-1\" \/>\n<link rel=\"canonical\" href=\"https:\/\/www.grandchamp.org\/contact\/\" \/>\n<meta property=\"og:locale\" content=\"de_DE\" \/>\n<meta property=\"og:type\" content=\"article\" \/>\n<meta property=\"og:title\" content=\"Kontakt | Communaut\u00e9 de Grandchamp\" \/>\n<meta property=\"og:description\" content=\"Adresse Communaut\u00e9 de Grandchamp Grandchamp 4 CH 2015 Areuse Schweiz Telefon +41 32 842 24 92 (Mittwoch bis Samstag 9h30 \u2013 11h30, 16h00 \u2013 18h00) Email Allgemein: communaute@grandchamp.org Empfang: accueil@grandchamp.org Volontariat: volontariat@grandchamp.org Anfrage f\u00fcr F\u00fcrbitte: chapelle@grandchamp.org le cercle d&#039;ami\u00b7e\u00b7s : cercle.ami-e-s@grandchamp.org\" \/>\n<meta property=\"og:url\" content=\"https:\/\/www.grandchamp.org\/contact\/\" \/>\n<meta property=\"og:site_name\" content=\"Communaut\u00e9 de Grandchamp\" \/>\n<meta property=\"article:publisher\" content=\"https:\/\/www.facebook.com\/communautedegrandchamp\/\" \/>\n<meta property=\"article:modified_time\" content=\"2023-04-28T09:34:33+00:00\" \/>\n<meta property=\"og:image\" content=\"https:\/\/i0.wp.com\/www.grandchamp.org\/wp-content\/uploads\/2016\/01\/3.arche-cour-srs.jpg?fit=1000%2C750&ssl=1\" \/>\n\t<meta property=\"og:image:width\" content=\"1000\" \/>\n\t<meta property=\"og:image:height\" content=\"750\" \/>\n\t<meta property=\"og:image:type\" content=\"image\/jpeg\" \/>\n<meta name=\"twitter:card\" content=\"summary_large_image\" \/>\n<meta name=\"twitter:label1\" content=\"Gesch\u00e4tzte Lesezeit\" \/>\n\t<meta name=\"twitter:data1\" content=\"2\u00a0Minuten\" \/>\n<script type=\"application\/ld+json\" class=\"yoast-schema-graph\">{\"@context\":\"https:\/\/schema.org\",\"@graph\":[{\"@type\":\"WebPage\",\"@id\":\"https:\/\/www.grandchamp.org\/contact\/\",\"url\":\"https:\/\/www.grandchamp.org\/contact\/\",\"name\":\"Kontakt | Communaut\u00e9 de Grandchamp\",\"isPartOf\":{\"@id\":\"https:\/\/www.grandchamp.org\/#website\"},\"datePublished\":\"2019-02-08T18:36:05+00:00\",\"dateModified\":\"2023-04-28T09:34:33+00:00\",\"breadcrumb\":{\"@id\":\"https:\/\/www.grandchamp.org\/contact\/#breadcrumb\"},\"inLanguage\":\"de\",\"potentialAction\":[{\"@type\":\"ReadAction\",\"target\":[\"https:\/\/www.grandchamp.org\/contact\/\"]}]},{\"@type\":\"BreadcrumbList\",\"@id\":\"https:\/\/www.grandchamp.org\/contact\/#breadcrumb\",\"itemListElement\":[{\"@type\":\"ListItem\",\"position\":1,\"name\":\"Home\",\"item\":\"https:\/\/www.grandchamp.org\/\"},{\"@type\":\"ListItem\",\"position\":2,\"name\":\"Kontakt\"}]},{\"@type\":\"WebSite\",\"@id\":\"https:\/\/www.grandchamp.org\/#website\",\"url\":\"https:\/\/www.grandchamp.org\/\",\"name\":\"Communaut\u00e9 de Grandchamp\",\"description\":\"Site de la Communaut\u00e9 de Grandchamp \u00e0 Areuse, Suisse\",\"publisher\":{\"@id\":\"https:\/\/www.grandchamp.org\/#organization\"},\"potentialAction\":[{\"@type\":\"SearchAction\",\"target\":{\"@type\":\"EntryPoint\",\"urlTemplate\":\"https:\/\/www.grandchamp.org\/?s={search_term_string}\"},\"query-input\":{\"@type\":\"PropertyValueSpecification\",\"valueRequired\":true,\"valueName\":\"search_term_string\"}}],\"inLanguage\":\"de\"},{\"@type\":\"Organization\",\"@id\":\"https:\/\/www.grandchamp.org\/#organization\",\"name\":\"Communaut\u00e9 de Grandchamp\",\"url\":\"https:\/\/www.grandchamp.org\/\",\"logo\":{\"@type\":\"ImageObject\",\"inLanguage\":\"de\",\"@id\":\"https:\/\/www.grandchamp.org\/#\/schema\/logo\/image\/\",\"url\":\"https:\/\/i0.wp.com\/www.grandchamp.org\/wp-content\/uploads\/2015\/12\/Communaute\u0301_Grandchamp_logodef_QUADRI.jpg?fit=2105%2C1152&ssl=1\",\"contentUrl\":\"https:\/\/i0.wp.com\/www.grandchamp.org\/wp-content\/uploads\/2015\/12\/Communaute\u0301_Grandchamp_logodef_QUADRI.jpg?fit=2105%2C1152&ssl=1\",\"width\":2105,\"height\":1152,\"caption\":\"Communaut\u00e9 de Grandchamp\"},\"image\":{\"@id\":\"https:\/\/www.grandchamp.org\/#\/schema\/logo\/image\/\"},\"sameAs\":[\"https:\/\/www.facebook.com\/communautedegrandchamp\/\"]}]}<\/script>\n<!-- \/ Yoast SEO plugin. -->","yoast_head_json":{"title":"Kontakt | Communaut\u00e9 de Grandchamp","robots":{"index":"index","follow":"follow","max-snippet":"max-snippet:-1","max-image-preview":"max-image-preview:large","max-video-preview":"max-video-preview:-1"},"canonical":"https:\/\/www.grandchamp.org\/contact\/","og_locale":"de_DE","og_type":"article","og_title":"Kontakt | Communaut\u00e9 de Grandchamp","og_description":"Adresse Communaut\u00e9 de Grandchamp Grandchamp 4 CH 2015 Areuse Schweiz Telefon +41 32 842 24 92 (Mittwoch bis Samstag 9h30 \u2013 11h30, 16h00 \u2013 18h00) Email Allgemein: communaute@grandchamp.org Empfang: accueil@grandchamp.org Volontariat: volontariat@grandchamp.org Anfrage f\u00fcr F\u00fcrbitte: chapelle@grandchamp.org le cercle d'ami\u00b7e\u00b7s : cercle.ami-e-s@grandchamp.org","og_url":"https:\/\/www.grandchamp.org\/contact\/","og_site_name":"Communaut\u00e9 de Grandchamp","article_publisher":"https:\/\/www.facebook.com\/communautedegrandchamp\/","article_modified_time":"2023-04-28T09:34:33+00:00","og_image":[{"width":1000,"height":750,"url":"https:\/\/i0.wp.com\/www.grandchamp.org\/wp-content\/uploads\/2016\/01\/3.arche-cour-srs.jpg?fit=1000%2C750&ssl=1","type":"image\/jpeg"}],"twitter_card":"summary_large_image","twitter_misc":{"Gesch\u00e4tzte Lesezeit":"2\u00a0Minuten"},"schema":{"@context":"https:\/\/schema.org","@graph":[{"@type":"WebPage","@id":"https:\/\/www.grandchamp.org\/contact\/","url":"https:\/\/www.grandchamp.org\/contact\/","name":"Kontakt | Communaut\u00e9 de Grandchamp","isPartOf":{"@id":"https:\/\/www.grandchamp.org\/#website"},"datePublished":"2019-02-08T18:36:05+00:00","dateModified":"2023-04-28T09:34:33+00:00","breadcrumb":{"@id":"https:\/\/www.grandchamp.org\/contact\/#breadcrumb"},"inLanguage":"de","potentialAction":[{"@type":"ReadAction","target":["https:\/\/www.grandchamp.org\/contact\/"]}]},{"@type":"BreadcrumbList","@id":"https:\/\/www.grandchamp.org\/contact\/#breadcrumb","itemListElement":[{"@type":"ListItem","position":1,"name":"Home","item":"https:\/\/www.grandchamp.org\/"},{"@type":"ListItem","position":2,"name":"Kontakt"}]},{"@type":"WebSite","@id":"https:\/\/www.grandchamp.org\/#website","url":"https:\/\/www.grandchamp.org\/","name":"Communaut\u00e9 de Grandchamp","description":"Site de la Communaut\u00e9 de Grandchamp \u00e0 Areuse, Suisse","publisher":{"@id":"https:\/\/www.grandchamp.org\/#organization"},"potentialAction":[{"@type":"SearchAction","target":{"@type":"EntryPoint","urlTemplate":"https:\/\/www.grandchamp.org\/?s={search_term_string}"},"query-input":{"@type":"PropertyValueSpecification","valueRequired":true,"valueName":"search_term_string"}}],"inLanguage":"de"},{"@type":"Organization","@id":"https:\/\/www.grandchamp.org\/#organization","name":"Communaut\u00e9 de Grandchamp","url":"https:\/\/www.grandchamp.org\/","logo":{"@type":"ImageObject","inLanguage":"de","@id":"https:\/\/www.grandchamp.org\/#\/schema\/logo\/image\/","url":"https:\/\/i0.wp.com\/www.grandchamp.org\/wp-content\/uploads\/2015\/12\/Communaute\u0301_Grandchamp_logodef_QUADRI.jpg?fit=2105%2C1152&ssl=1","contentUrl":"https:\/\/i0.wp.com\/www.grandchamp.org\/wp-content\/uploads\/2015\/12\/Communaute\u0301_Grandchamp_logodef_QUADRI.jpg?fit=2105%2C1152&ssl=1","width":2105,"height":1152,"caption":"Communaut\u00e9 de Grandchamp"},"image":{"@id":"https:\/\/www.grandchamp.org\/#\/schema\/logo\/image\/"},"sameAs":["https:\/\/www.facebook.com\/communautedegrandchamp\/"]}]}},"jetpack_shortlink":"https:\/\/wp.me\/P7jU1J-5Dy","jetpack_sharing_enabled":true,"_links":{"self":[{"href":"https:\/\/www.grandchamp.org\/de\/wp-json\/wp\/v2\/pages\/21672","targetHints":{"allow":["GET"]}}],"collection":[{"href":"https:\/\/www.grandchamp.org\/de\/wp-json\/wp\/v2\/pages"}],"about":[{"href":"https:\/\/www.grandchamp.org\/de\/wp-json\/wp\/v2\/types\/page"}],"author":[{"embeddable":true,"href":"https:\/\/www.grandchamp.org\/de\/wp-json\/wp\/v2\/users\/14"}],"replies":[{"embeddable":true,"href":"https:\/\/www.grandchamp.org\/de\/wp-json\/wp\/v2\/comments?post=21672"}],"version-history":[{"count":8,"href":"https:\/\/www.grandchamp.org\/de\/wp-json\/wp\/v2\/pages\/21672\/revisions"}],"predecessor-version":[{"id":39903,"href":"https:\/\/www.grandchamp.org\/de\/wp-json\/wp\/v2\/pages\/21672\/revisions\/39903"}],"wp:attachment":[{"href":"https:\/\/www.grandchamp.org\/de\/wp-json\/wp\/v2\/media?parent=21672"}],"curies":[{"name":"wp","href":"https:\/\/api.w.org\/{rel}","templated":true}]}}