{"id":27658,"date":"2020-03-27T11:25:55","date_gmt":"2020-03-27T10:25:55","guid":{"rendered":"https:\/\/www.grandchamp.org\/paques2020\/"},"modified":"2020-04-11T17:36:06","modified_gmt":"2020-04-11T15:36:06","slug":"paques2020","status":"publish","type":"page","link":"https:\/\/www.grandchamp.org\/de\/paques2020\/","title":{"rendered":"Retraite de P\u00e2ques 2020"},"content":{"rendered":"<p>[et_pb_section fb_built=&#8220;1&#8243; fullwidth=&#8220;on&#8220; custom_padding_last_edited=&#8220;on|desktop&#8220; _builder_version=&#8220;3.23.3&#8243; custom_margin=&#8220;||&#8220; custom_padding=&#8220;||&#8220; locked=&#8220;off&#8220;][et_pb_fullwidth_slider _builder_version=&#8220;3.23.3&#8243; header_level=&#8220;h1&#8243; header_font=&#8220;|600|||||||&#8220; header_text_align=&#8220;center&#8220; header_font_size=&#8220;40px&#8220; body_font=&#8220;||||||||&#8220; min_height=&#8220;490px&#8220; min_height_phone=&#8220;auto&#8220; min_height_last_edited=&#8220;on|desktop&#8220; custom_margin_phone=&#8220;0px||0px&#8220; custom_margin_last_edited=&#8220;on|desktop&#8220; custom_padding=&#8220;5px|5px|5px|5px&#8220;][et_pb_slide heading=&#8220;\u00ab Amour confirm\u00e9, passage cr\u00e9\u00e9 : c\u2019est la P\u00e2que de J\u00e9sus ! \u00bb&#8220; use_text_overlay=&#8220;on&#8220; _builder_version=&#8220;3.23.3&#8243; header_level=&#8220;h1&#8243; header_font=&#8220;|600|||||||&#8220; body_font=&#8220;||||||||&#8220; body_font_size=&#8220;20px&#8220; background_image=&#8220;https:\/\/www.grandchamp.org\/wp-content\/uploads\/2020\/03\/paques.jpg&#8220; custom_padding_phone=&#8220;5px|5px|5px|5px&#8220; custom_padding_last_edited=&#8220;on|desktop&#8220; header_font_size_phone=&#8220;25px&#8220; header_font_size_last_edited=&#8220;on|phone&#8220; body_font_size_phone=&#8220;18px&#8220; body_font_size_last_edited=&#8220;on|phone&#8220;]<\/p>\n<p>Retraite de P\u00e2ques autrement<\/p>\n<p>[\/et_pb_slide][\/et_pb_fullwidth_slider][\/et_pb_section][et_pb_section fb_built=&#8220;1&#8243; fullwidth=&#8220;on&#8220; _builder_version=&#8220;3.23.3&#8243;][et_pb_fullwidth_slider _builder_version=&#8220;3.23.3&#8243; header_font=&#8220;||||||||&#8220; body_font=&#8220;||||||||&#8220; custom_margin=&#8220;20px|0px|20px|0px&#8220; custom_padding=&#8220;0px|0px|0px|0px&#8220;][et_pb_slide _builder_version=&#8220;3.23.3&#8243; background_layout=&#8220;light&#8220; custom_padding=&#8220;20px|0px|20px|0px&#8220;]<\/p>\n<p><span><strong>Cette ann\u00e9e la f\u00eate de P\u00e2ques va \u00eatre v\u00e9cue diff\u00e9remment\u00a0<\/strong>! Chacun est confin\u00e9 dans sa propre demeure. En communaut\u00e9 nous avons d\u00fb annuler la retraite traditionnelle. Nous sommes ainsi emp\u00each\u00e9s de nous r\u00e9unir pour vivre ce temps fort de l\u2019ann\u00e9e liturgique ensemble.<br \/> Avec le pasteur Jean-Philippe Calame qui \u00e9tait pr\u00e9vu de donner la retraite n<\/span><span>ous nous sommes pos\u00e9 la question\u00a0: Comment vivre ces jours autrement\u00a0? Comment cheminer ensemble l\u00e0 o\u00f9 un partage en face-\u00e0-face n\u2019est pas possible\u00a0? <br \/><\/span><\/p>\n<p><span>Nous voudrions inviter tous ceux qui aimeraient cheminer vers P\u00e2ques en communion avec nous \u00e0 une exp\u00e9rience in\u00e9dite\u00a0: depuis mercredi saint jusqu\u2019au lundi de P\u00e2ques, suivre une retraite spirituelle chez soi \u2013 autrement.<br \/> <\/span><span>En plus de nos c\u00e9l\u00e9brations, retransmises en ligne comme d\u2019habitude, vous trouverez chaque jour des \u00e9l\u00e9ments pour jalonner le chemin\u00a0et vous accompagner : les messages du pasteur Jean-Philippe Calame, des petites explications de notre liturgie, etc. Ainsi nous serons guid\u00e9s pas \u00e0 pas dans ce passage \u00e0 travers la mort vers la Vie. <\/span><\/p>\n<p><span>Diff\u00e9rentes portes d\u2019entr\u00e9e dans cette proposition sont possibles, chacun \u00e9tant convi\u00e9 \u00e0 l\u2019adapter \u00e0 son r\u00e9el : vous pouvez simplement int\u00e9grer dans votre quotidien certains des \u00e9l\u00e9ments\u00a0apport\u00e9s ; ou vous pouvez choisir de mettre ces jours \u00e0 part, pour les vivre centr\u00e9s sur le myst\u00e8re pascal que nous contemplons chaque ann\u00e9e sans jamais le saisir.<br \/> <\/span><span>Chacun laissera alors r\u00e9sonner en lui les pri\u00e8res et les textes \u00e0 partir de son propre contexte de vie\u00a0; pourtant, parcourant ensemble le m\u00eame chemin, nous serons rassembl\u00e9s en une communion d\u00e9passant largement le visible.<\/span><\/p>\n<p><span>La communaut\u00e9 vivant une retraite durant la semaine sainte (sans entretiens ni autres contacts avec les personnes ext\u00e9rieures), libre \u00e0 ceux d\u2019entre vous qui souhaiteraient plus d\u2019\u00e9changes de partager en duo ou en petits groupes, sous une forme qui vous convienne. Dans tous les cas, nous sommes unis par le lien de la pri\u00e8re, nous portant les uns les autres. <\/span><\/p>\n<p>Nous nous r\u00e9jouissons de cette nouvelle exp\u00e9rience et vous attendons mercredi <strong>8 avril\u00a0:<\/strong> vous trouverez d\u00e8s 15 heures sur cette page l\u2019introduction \u00e0 la retraite.<\/p>\n<p>Pour les jours suivants les introductions et les m\u00e9ditations seront mises sur le site le matin m\u00eame.<\/p>\n<p>[\/et_pb_slide][\/et_pb_fullwidth_slider][\/et_pb_section][et_pb_section fb_built=&#8220;1&#8243; disabled_on=&#8220;off|off|off&#8220; _builder_version=&#8220;3.23.3&#8243;][et_pb_row _builder_version=&#8220;3.23.3&#8243;][et_pb_column type=&#8220;4_4&#8243; _builder_version=&#8220;3.23.3&#8243;][et_pb_blog fullwidth=&#8220;off&#8220; include_categories=&#8220;309&#8243; show_author=&#8220;off&#8220; show_date=&#8220;off&#8220; show_categories=&#8220;off&#8220; _builder_version=&#8220;3.23.3&#8243;][\/et_pb_blog][\/et_pb_column][\/et_pb_row][\/et_pb_section][et_pb_section fb_built=&#8220;1&#8243; custom_padding_last_edited=&#8220;on|desktop&#8220; disabled_on=&#8220;off|off|off&#8220; _builder_version=&#8220;3.23.3&#8243; background_color=&#8220;rgba(255,234,234,0.03)&#8220; background_image=&#8220;https:\/\/www.grandchamp.org\/wp-content\/uploads\/2020\/04\/paques-\u2013-Version-2.jpg&#8220; background_blend=&#8220;saturation&#8220; custom_margin=&#8220;42px||0px|||&#8220; custom_padding=&#8220;25px|0px|54px|0px|false|false&#8220; custom_padding_tablet=&#8220;50px|0|50px|0&#8243; saved_tabs=&#8220;all&#8220; locked=&#8220;off&#8220;][et_pb_row custom_padding=&#8220;27px|0px|22px|0px|false|false&#8220; background_position_1=&#8220;top_left&#8220; background_repeat_1=&#8220;no-repeat&#8220; disabled_on=&#8220;off|off|off&#8220; _builder_version=&#8220;3.22.3&#8243;][et_pb_column type=&#8220;4_4&#8243; _builder_version=&#8220;3.0.47&#8243;][et_pb_text admin_label=&#8220;Upcoming events &#8211; title&#8220; _builder_version=&#8220;3.23.3&#8243; text_font=&#8220;|700|||||||&#8220; text_text_color=&#8220;#ffffff&#8220; text_font_size=&#8220;20&#8243; header_font=&#8220;||||||||&#8220; header_text_color=&#8220;#ffffff&#8220; background_size=&#8220;initial&#8220; background_position=&#8220;top_left&#8220; background_repeat=&#8220;repeat&#8220; text_orientation=&#8220;center&#8220; background_layout=&#8220;dark&#8220; module_alignment=&#8220;center&#8220;]<\/p>\n<h1><strong>La retraite de P\u00e2ques<\/strong><\/h1>\n<h2>8 \u2013 13 avril 2020<\/h2>\n<h2>Horaire des pri\u00e8res et des c\u00e9l\u00e9brations transmises de l\u2019Arche<\/h2>\n<p>[\/et_pb_text][\/et_pb_column][\/et_pb_row][et_pb_row custom_padding=&#8220;0|0|0px||false|false&#8220; custom_margin=&#8220;||0px|&#8220; make_equal=&#8220;on&#8220; background_position_1=&#8220;top_left&#8220; background_position_2=&#8220;top_left&#8220; background_repeat_1=&#8220;no-repeat&#8220; background_repeat_2=&#8220;no-repeat&#8220; padding_bottom_1=&#8220;0px&#8220; padding_bottom_2=&#8220;0px&#8220; disabled_on=&#8220;off|off|off&#8220; _builder_version=&#8220;3.22.3&#8243;][et_pb_column type=&#8220;1_2&#8243; _builder_version=&#8220;3.0.47&#8243;][et_pb_text _builder_version=&#8220;3.23.3&#8243; text_font=&#8220;||||||||&#8220; text_text_color=&#8220;#ffffff&#8220; background_layout=&#8220;dark&#8220; custom_margin=&#8220;||15px|&#8220; custom_padding=&#8220;||0px|&#8220; border_style=&#8220;solid&#8220;]<\/p>\n<p><strong><u>Mercredi saint<\/u><\/strong><br \/> 15:00 None<br \/> 18:30 Pri\u00e8re du soir<br \/> 20:30 Complies<\/p>\n<p><u><strong>Jeudi saint<\/strong><br \/> <\/u> 7:15 Pri\u00e8re du matin<br \/> 10:00 Tierce<br \/> 12:00 Sexte<br \/> 15:00 None<em><br \/> <\/em>vers 19h c\u00e9l\u00e9bration de jeudi soir<strong><br \/> <\/strong>vers 20:30 lecture du discours des Adieux<br \/> N<em>uit de pri\u00e8re avec J\u00e9sus \u00e0 Geths\u00e9man\u00e9<\/em><\/p>\n<p><u><strong>Vendredi saint<\/strong><br \/> <\/u>7:15 Pri\u00e8re du matin<br \/> 10:00 Tierce<br \/> 12:00 Sexte<br \/> 15:00 Liturgie de la Croix<br \/> 19:00 Office de s\u00e9pulture<\/p>\n<p>[\/et_pb_text][\/et_pb_column][et_pb_column type=&#8220;1_2&#8243; _builder_version=&#8220;3.0.47&#8243;][et_pb_text _builder_version=&#8220;3.23.3&#8243; text_font=&#8220;||||||||&#8220; text_text_color=&#8220;#ffffff&#8220; background_layout=&#8220;dark&#8220;]<\/p>\n<p><u><strong>Samedi saint<\/strong><br \/> <\/u>7:15 Pri\u00e8re du matin<br \/> 10:00 Tierce<br \/> 12:00 Sexte<br \/> 19:30 Grandes complies<strong><\/strong><\/p>\n<p><strong><u>Dimanche de P\u00e2ques<\/u><\/strong><strong><br \/> <\/strong>5h30 C\u00e9l\u00e9bration pascale<strong><br \/> <\/strong>12:15 Pri\u00e8re de midi<br \/> 18:30 Pri\u00e8re du soir<br \/> 20:30 Complies<\/p>\n<p><strong><u>Lundi de P\u00e2ques<\/u><\/strong><br \/> 7:30 Pri\u00e8re du matin<br \/> 12:15 Pri\u00e8re de midi<strong><br \/> <\/strong>18:30 Pri\u00e8re du soir<\/p>\n<p>[\/et_pb_text][\/et_pb_column][\/et_pb_row][\/et_pb_section]<\/p>\n","protected":false},"excerpt":{"rendered":"<p>\u00ab Amour confirm\u00e9, passage cr\u00e9\u00e9 : c\u2019est la P\u00e2que de J\u00e9sus ! \u00bb<br \/>\nRetraite de P\u00e2ques autrement<\/p>\n","protected":false},"author":3,"featured_media":27775,"parent":0,"menu_order":0,"comment_status":"closed","ping_status":"closed","template":"","meta":{"_et_pb_use_builder":"on","_et_pb_old_content":"<!-- wp:divi\/placeholder \/-->","_et_gb_content_width":"","jetpack_post_was_ever_published":false,"footnotes":""},"class_list":["post-27658","page","type-page","status-publish","has-post-thumbnail","hentry"],"yoast_head":"<!-- This site is optimized with the Yoast SEO plugin v27.1.1 - https:\/\/yoast.com\/product\/yoast-seo-wordpress\/ -->\n<title>Retraite de P\u00e2ques 2020 | Communaut\u00e9 de Grandchamp<\/title>\n<meta name=\"robots\" content=\"index, follow, max-snippet:-1, max-image-preview:large, max-video-preview:-1\" \/>\n<link rel=\"canonical\" href=\"https:\/\/www.grandchamp.org\/de\/paques2020\/\" \/>\n<meta property=\"og:locale\" content=\"de_DE\" \/>\n<meta property=\"og:type\" content=\"article\" \/>\n<meta property=\"og:title\" content=\"Retraite de P\u00e2ques 2020 | Communaut\u00e9 de Grandchamp\" \/>\n<meta property=\"og:description\" content=\"\u00ab Amour confirm\u00e9, passage cr\u00e9\u00e9 : c\u2019est la P\u00e2que de J\u00e9sus ! \u00bb Retraite de P\u00e2ques autrement\" \/>\n<meta property=\"og:url\" content=\"https:\/\/www.grandchamp.org\/de\/paques2020\/\" \/>\n<meta property=\"og:site_name\" content=\"Communaut\u00e9 de Grandchamp\" \/>\n<meta property=\"article:publisher\" content=\"https:\/\/www.facebook.com\/communautedegrandchamp\/\" \/>\n<meta property=\"article:modified_time\" content=\"2020-04-11T15:36:06+00:00\" \/>\n<meta property=\"og:image\" content=\"https:\/\/i0.wp.com\/www.grandchamp.org\/wp-content\/uploads\/2020\/04\/paques16x9.jpg?fit=600%2C360&ssl=1\" \/>\n\t<meta property=\"og:image:width\" content=\"600\" \/>\n\t<meta property=\"og:image:height\" content=\"360\" \/>\n\t<meta property=\"og:image:type\" content=\"image\/jpeg\" \/>\n<meta name=\"twitter:card\" content=\"summary_large_image\" \/>\n<meta name=\"twitter:label1\" content=\"Gesch\u00e4tzte Lesezeit\" \/>\n\t<meta name=\"twitter:data1\" content=\"5\u00a0Minuten\" \/>\n<script type=\"application\/ld+json\" class=\"yoast-schema-graph\">{\"@context\":\"https:\/\/schema.org\",\"@graph\":[{\"@type\":\"WebPage\",\"@id\":\"https:\/\/www.grandchamp.org\/de\/paques2020\/\",\"url\":\"https:\/\/www.grandchamp.org\/de\/paques2020\/\",\"name\":\"Retraite de P\u00e2ques 2020 | Communaut\u00e9 de Grandchamp\",\"isPartOf\":{\"@id\":\"https:\/\/www.grandchamp.org\/#website\"},\"primaryImageOfPage\":{\"@id\":\"https:\/\/www.grandchamp.org\/de\/paques2020\/#primaryimage\"},\"image\":{\"@id\":\"https:\/\/www.grandchamp.org\/de\/paques2020\/#primaryimage\"},\"thumbnailUrl\":\"https:\/\/i0.wp.com\/www.grandchamp.org\/wp-content\/uploads\/2020\/04\/paques16x9.jpg?fit=600%2C360&ssl=1\",\"datePublished\":\"2020-03-27T10:25:55+00:00\",\"dateModified\":\"2020-04-11T15:36:06+00:00\",\"breadcrumb\":{\"@id\":\"https:\/\/www.grandchamp.org\/de\/paques2020\/#breadcrumb\"},\"inLanguage\":\"de\",\"potentialAction\":[{\"@type\":\"ReadAction\",\"target\":[\"https:\/\/www.grandchamp.org\/de\/paques2020\/\"]}]},{\"@type\":\"ImageObject\",\"inLanguage\":\"de\",\"@id\":\"https:\/\/www.grandchamp.org\/de\/paques2020\/#primaryimage\",\"url\":\"https:\/\/i0.wp.com\/www.grandchamp.org\/wp-content\/uploads\/2020\/04\/paques16x9.jpg?fit=600%2C360&ssl=1\",\"contentUrl\":\"https:\/\/i0.wp.com\/www.grandchamp.org\/wp-content\/uploads\/2020\/04\/paques16x9.jpg?fit=600%2C360&ssl=1\",\"width\":600,\"height\":360},{\"@type\":\"BreadcrumbList\",\"@id\":\"https:\/\/www.grandchamp.org\/de\/paques2020\/#breadcrumb\",\"itemListElement\":[{\"@type\":\"ListItem\",\"position\":1,\"name\":\"Home\",\"item\":\"https:\/\/www.grandchamp.org\/\"},{\"@type\":\"ListItem\",\"position\":2,\"name\":\"Retraite de P\u00e2ques 2020\"}]},{\"@type\":\"WebSite\",\"@id\":\"https:\/\/www.grandchamp.org\/#website\",\"url\":\"https:\/\/www.grandchamp.org\/\",\"name\":\"Communaut\u00e9 de Grandchamp\",\"description\":\"Site de la Communaut\u00e9 de Grandchamp \u00e0 Areuse, Suisse\",\"publisher\":{\"@id\":\"https:\/\/www.grandchamp.org\/#organization\"},\"potentialAction\":[{\"@type\":\"SearchAction\",\"target\":{\"@type\":\"EntryPoint\",\"urlTemplate\":\"https:\/\/www.grandchamp.org\/?s={search_term_string}\"},\"query-input\":{\"@type\":\"PropertyValueSpecification\",\"valueRequired\":true,\"valueName\":\"search_term_string\"}}],\"inLanguage\":\"de\"},{\"@type\":\"Organization\",\"@id\":\"https:\/\/www.grandchamp.org\/#organization\",\"name\":\"Communaut\u00e9 de Grandchamp\",\"url\":\"https:\/\/www.grandchamp.org\/\",\"logo\":{\"@type\":\"ImageObject\",\"inLanguage\":\"de\",\"@id\":\"https:\/\/www.grandchamp.org\/#\/schema\/logo\/image\/\",\"url\":\"https:\/\/i0.wp.com\/www.grandchamp.org\/wp-content\/uploads\/2015\/12\/Communaute\u0301_Grandchamp_logodef_QUADRI.jpg?fit=2105%2C1152&ssl=1\",\"contentUrl\":\"https:\/\/i0.wp.com\/www.grandchamp.org\/wp-content\/uploads\/2015\/12\/Communaute\u0301_Grandchamp_logodef_QUADRI.jpg?fit=2105%2C1152&ssl=1\",\"width\":2105,\"height\":1152,\"caption\":\"Communaut\u00e9 de Grandchamp\"},\"image\":{\"@id\":\"https:\/\/www.grandchamp.org\/#\/schema\/logo\/image\/\"},\"sameAs\":[\"https:\/\/www.facebook.com\/communautedegrandchamp\/\"]}]}<\/script>\n<!-- \/ Yoast SEO plugin. -->","yoast_head_json":{"title":"Retraite de P\u00e2ques 2020 | Communaut\u00e9 de Grandchamp","robots":{"index":"index","follow":"follow","max-snippet":"max-snippet:-1","max-image-preview":"max-image-preview:large","max-video-preview":"max-video-preview:-1"},"canonical":"https:\/\/www.grandchamp.org\/de\/paques2020\/","og_locale":"de_DE","og_type":"article","og_title":"Retraite de P\u00e2ques 2020 | Communaut\u00e9 de Grandchamp","og_description":"\u00ab Amour confirm\u00e9, passage cr\u00e9\u00e9 : c\u2019est la P\u00e2que de J\u00e9sus ! \u00bb Retraite de P\u00e2ques autrement","og_url":"https:\/\/www.grandchamp.org\/de\/paques2020\/","og_site_name":"Communaut\u00e9 de Grandchamp","article_publisher":"https:\/\/www.facebook.com\/communautedegrandchamp\/","article_modified_time":"2020-04-11T15:36:06+00:00","og_image":[{"width":600,"height":360,"url":"https:\/\/i0.wp.com\/www.grandchamp.org\/wp-content\/uploads\/2020\/04\/paques16x9.jpg?fit=600%2C360&ssl=1","type":"image\/jpeg"}],"twitter_card":"summary_large_image","twitter_misc":{"Gesch\u00e4tzte Lesezeit":"5\u00a0Minuten"},"schema":{"@context":"https:\/\/schema.org","@graph":[{"@type":"WebPage","@id":"https:\/\/www.grandchamp.org\/de\/paques2020\/","url":"https:\/\/www.grandchamp.org\/de\/paques2020\/","name":"Retraite de P\u00e2ques 2020 | Communaut\u00e9 de Grandchamp","isPartOf":{"@id":"https:\/\/www.grandchamp.org\/#website"},"primaryImageOfPage":{"@id":"https:\/\/www.grandchamp.org\/de\/paques2020\/#primaryimage"},"image":{"@id":"https:\/\/www.grandchamp.org\/de\/paques2020\/#primaryimage"},"thumbnailUrl":"https:\/\/i0.wp.com\/www.grandchamp.org\/wp-content\/uploads\/2020\/04\/paques16x9.jpg?fit=600%2C360&ssl=1","datePublished":"2020-03-27T10:25:55+00:00","dateModified":"2020-04-11T15:36:06+00:00","breadcrumb":{"@id":"https:\/\/www.grandchamp.org\/de\/paques2020\/#breadcrumb"},"inLanguage":"de","potentialAction":[{"@type":"ReadAction","target":["https:\/\/www.grandchamp.org\/de\/paques2020\/"]}]},{"@type":"ImageObject","inLanguage":"de","@id":"https:\/\/www.grandchamp.org\/de\/paques2020\/#primaryimage","url":"https:\/\/i0.wp.com\/www.grandchamp.org\/wp-content\/uploads\/2020\/04\/paques16x9.jpg?fit=600%2C360&ssl=1","contentUrl":"https:\/\/i0.wp.com\/www.grandchamp.org\/wp-content\/uploads\/2020\/04\/paques16x9.jpg?fit=600%2C360&ssl=1","width":600,"height":360},{"@type":"BreadcrumbList","@id":"https:\/\/www.grandchamp.org\/de\/paques2020\/#breadcrumb","itemListElement":[{"@type":"ListItem","position":1,"name":"Home","item":"https:\/\/www.grandchamp.org\/"},{"@type":"ListItem","position":2,"name":"Retraite de P\u00e2ques 2020"}]},{"@type":"WebSite","@id":"https:\/\/www.grandchamp.org\/#website","url":"https:\/\/www.grandchamp.org\/","name":"Communaut\u00e9 de Grandchamp","description":"Site de la Communaut\u00e9 de Grandchamp \u00e0 Areuse, Suisse","publisher":{"@id":"https:\/\/www.grandchamp.org\/#organization"},"potentialAction":[{"@type":"SearchAction","target":{"@type":"EntryPoint","urlTemplate":"https:\/\/www.grandchamp.org\/?s={search_term_string}"},"query-input":{"@type":"PropertyValueSpecification","valueRequired":true,"valueName":"search_term_string"}}],"inLanguage":"de"},{"@type":"Organization","@id":"https:\/\/www.grandchamp.org\/#organization","name":"Communaut\u00e9 de Grandchamp","url":"https:\/\/www.grandchamp.org\/","logo":{"@type":"ImageObject","inLanguage":"de","@id":"https:\/\/www.grandchamp.org\/#\/schema\/logo\/image\/","url":"https:\/\/i0.wp.com\/www.grandchamp.org\/wp-content\/uploads\/2015\/12\/Communaute\u0301_Grandchamp_logodef_QUADRI.jpg?fit=2105%2C1152&ssl=1","contentUrl":"https:\/\/i0.wp.com\/www.grandchamp.org\/wp-content\/uploads\/2015\/12\/Communaute\u0301_Grandchamp_logodef_QUADRI.jpg?fit=2105%2C1152&ssl=1","width":2105,"height":1152,"caption":"Communaut\u00e9 de Grandchamp"},"image":{"@id":"https:\/\/www.grandchamp.org\/#\/schema\/logo\/image\/"},"sameAs":["https:\/\/www.facebook.com\/communautedegrandchamp\/"]}]}},"jetpack_shortlink":"https:\/\/wp.me\/P7jU1J-7c6","jetpack_sharing_enabled":true,"_links":{"self":[{"href":"https:\/\/www.grandchamp.org\/de\/wp-json\/wp\/v2\/pages\/27658","targetHints":{"allow":["GET"]}}],"collection":[{"href":"https:\/\/www.grandchamp.org\/de\/wp-json\/wp\/v2\/pages"}],"about":[{"href":"https:\/\/www.grandchamp.org\/de\/wp-json\/wp\/v2\/types\/page"}],"author":[{"embeddable":true,"href":"https:\/\/www.grandchamp.org\/de\/wp-json\/wp\/v2\/users\/3"}],"replies":[{"embeddable":true,"href":"https:\/\/www.grandchamp.org\/de\/wp-json\/wp\/v2\/comments?post=27658"}],"version-history":[{"count":9,"href":"https:\/\/www.grandchamp.org\/de\/wp-json\/wp\/v2\/pages\/27658\/revisions"}],"predecessor-version":[{"id":28327,"href":"https:\/\/www.grandchamp.org\/de\/wp-json\/wp\/v2\/pages\/27658\/revisions\/28327"}],"wp:featuredmedia":[{"embeddable":true,"href":"https:\/\/www.grandchamp.org\/de\/wp-json\/wp\/v2\/media\/27775"}],"wp:attachment":[{"href":"https:\/\/www.grandchamp.org\/de\/wp-json\/wp\/v2\/media?parent=27658"}],"curies":[{"name":"wp","href":"https:\/\/api.w.org\/{rel}","templated":true}]}}