{"id":29943,"date":"2020-05-14T10:34:57","date_gmt":"2020-05-14T08:34:57","guid":{"rendered":"https:\/\/www.grandchamp.org\/pentecote-2020\/"},"modified":"2020-05-30T09:54:34","modified_gmt":"2020-05-30T07:54:34","slug":"pentecote-2020","status":"publish","type":"page","link":"https:\/\/www.grandchamp.org\/de\/pentecote-2020\/","title":{"rendered":"Pentec\u00f4te 2020"},"content":{"rendered":"<p>[et_pb_section fb_built=&#8220;1&#8243; fullwidth=&#8220;on&#8220; _builder_version=&#8220;3.23.3&#8243; custom_margin=&#8220;12px||&#8220;][et_pb_fullwidth_slider show_arrows=&#8220;off&#8220; show_pagination=&#8220;off&#8220; _builder_version=&#8220;3.23.3&#8243; header_font=&#8220;||||||||&#8220; custom_padding=&#8220;|7px|204px|495px||&#8220; custom_padding_tablet=&#8220;||61px|100px&#8220; custom_padding_last_edited=&#8220;on|phone&#8220;][et_pb_slide heading=&#8220;Le Souffle de Dieu : un nouvel \u00e9lan vers les autres&#8220; _builder_version=&#8220;3.23.3&#8243; header_level=&#8220;h2&#8243; header_font=&#8220;|600|||||||&#8220; background_image=&#8220;https:\/\/www.grandchamp.org\/wp-content\/uploads\/2020\/04\/Colombe.jpg&#8220; background_size=&#8220;contain&#8220; text_orientation=&#8220;right&#8220; header_font_size_tablet=&#8220;34px&#8220; header_font_size_phone=&#8220;25px&#8220; header_font_size_last_edited=&#8220;on|phone&#8220;]<\/p>\n<h2><span class=\"et_pb_fullwidth_header_subhead et-fb-editable-element et-fb-editable-element__editing\" data-shortcode-id=\"1.0-1588256711487\" data-quickaccess-id=\"subhead\" contenteditable=\"true\">Approfondir le myst\u00e8re de Pentec\u00f4te<\/span><\/h2>\n<p>[\/et_pb_slide][\/et_pb_fullwidth_slider][\/et_pb_section][et_pb_section fb_built=&#8220;1&#8243; _builder_version=&#8220;3.23.3&#8243;][et_pb_row _builder_version=&#8220;3.23.3&#8243;][et_pb_column type=&#8220;1_2&#8243; _builder_version=&#8220;3.23.3&#8243;][et_pb_text _builder_version=&#8220;3.23.3&#8243; text_font=&#8220;||||||||&#8220; text_font_size=&#8220;17px&#8220;]<\/p>\n<p>Etant donn\u00e9es les circonstances, nous avons d\u00fb annuler la retraite de Pentec\u00f4te qui \u00e9tait pr\u00e9vue du 29 mai au 1er\u00a0 juin. Nous vous invitons cependant \u00e0 approfondir le myst\u00e8re de Pentec\u00f4te autrement\u00a0:<\/p>\n<ul>\n<li>par la pri\u00e8re en communion avec la communaut\u00e9 \u2013 vous trouverez l\u2019horaire des pri\u00e8res et des c\u00e9l\u00e9brations liturgiques sur notre site ;<\/li>\n<li>en lisant ou en \u00e9coutant un message du pasteur F\u00e9lix Moser la veille de Pentec\u00f4te et un autre le jour de Pentec\u00f4te ;<\/li>\n<li>en lisant une introduction \u00e0 la liturgie de la f\u00eate.<\/li>\n<\/ul>\n<p>Nous sommes heureuses et reconnaissantes au pasteur F\u00e9lix Moser, qui devait donner la retraite sur place, d\u2019avoir accept\u00e9 de pr\u00e9parer malgr\u00e9 tout les messages et les hom\u00e9lies pour cette grande f\u00eate\u00a0! Voici ce qu\u2019il dit par rapport au cheminement propos\u00e9\u00a0:<\/p>\n<p>\u00ab\u00a0La trame de chacune de nos vies est tiss\u00e9e par de multiples liens. Nos relations humaines se nouent et se d\u00e9nouent, traversent des temps de reconnaissance et des temps de discorde. Nous nous laisserons surprendre par le Saint-Esprit qui vient revivifier positivement nos liens avec Dieu et avec autrui. Nous \u00e9couterons ce que Saint Paul \u00e9crit aux Philippiens. Nous observerons comment il les stimule et les encourage \u00e0 vivre dans la communion donn\u00e9e par le Souffle de Dieu. Les propos de l\u2019ap\u00f4tre sont habit\u00e9s par la joie et la communion donn\u00e9es par le Christ. Cette lettre vaut la peine d\u2019\u00eatre red\u00e9couverte\u00a0: alors qu\u2019il est en captivit\u00e9, Saint-Paul mesure d\u2019autant mieux le prix des liens d\u2019amiti\u00e9 et d\u2019affection.\u00a0\u00bb<\/p>\n<p>[\/et_pb_text][\/et_pb_column][et_pb_column type=&#8220;1_2&#8243; _builder_version=&#8220;3.23.3&#8243;][et_pb_slider show_arrows=&#8220;off&#8220; show_pagination=&#8220;off&#8220; _builder_version=&#8220;3.23.3&#8243; header_font=&#8220;||||||||&#8220; box_shadow_style=&#8220;preset6&#8243;][et_pb_slide _builder_version=&#8220;3.23.3&#8243; header_font=&#8220;||||||||&#8220; body_font=&#8220;|600|||||||&#8220; body_font_size=&#8220;19px&#8220; background_layout=&#8220;light&#8220; custom_padding=&#8220;30px|0px|30px|0px&#8220;]<\/p>\n<p><span>Viens, Saint Esprit,<br \/> <\/span><span>Du ciel fait jaillir l\u2019\u00e9clat de ta splendeur.<\/span><\/p>\n<p><span>Viens, P\u00e8re des pauvres\u00a0; viens Esprit g\u00e9n\u00e9reux\u00a0;<br \/> <\/span><span>viens lumi\u00e8re des c\u0153urs.<\/span><span>\u00a0<\/span><\/p>\n<p><span>Toi le parfait Consolateur, merveilleuse fra\u00eecheur,<br \/> <\/span><span>dans notre \u00e2me tu fais habiter la paix\u00a0;<br \/> <\/span><span>dans la peine, tu es le repos\u00a0; dans l\u2019\u00e9preuve la force\u00a0;<br \/> <\/span><span>dans la tristesse la consolation.<\/span><span>\u00a0<\/span><\/p>\n<p><span>Lumi\u00e8re bienfaisante p\u00e9n\u00e8tre l\u2019intimit\u00e9 de nos c\u0153urs,<br \/> <\/span><span>car nous te sommes fid\u00e8les\u00a0;<br \/> <\/span><span>sans ta pr\u00e9sence, dans l\u2019homme il n\u2019y a rien,<br \/> <\/span><span>rien qui soit pur.<\/span><span>\u00a0<\/span><\/p>\n<p><span>Lave notre p\u00e9ch\u00e9, abreuve notre s\u00e9cheresse,<br \/> <\/span><span>gu\u00e9ris notre blessure\u00a0;<br \/> <\/span><span>fl\u00e9chis notre rigidit\u00e9, enflamme notre ti\u00e9deur,<br \/> <\/span><span>redresse notre \u00e9garement. <\/span><span>\u00a0<\/span><\/p>\n<p><span>A ceux qui se confient en toi, et te re\u00e7oivent dans la foi,<br \/> <\/span><span>accorde tous tes dons\u00a0;<br \/> <\/span><span>donne-leur de grandir en toi, de pers\u00e9v\u00e9rer dans le salut,<br \/> <\/span><span>donne-leur la joie qui demeure. All\u00e9luia\u00a0! <\/span><\/p>\n<p>[\/et_pb_slide][\/et_pb_slider][\/et_pb_column][\/et_pb_row][et_pb_row _builder_version=&#8220;3.23.3&#8243;][et_pb_column type=&#8220;4_4&#8243; _builder_version=&#8220;3.23.3&#8243;][et_pb_text _builder_version=&#8220;3.23.3&#8243; text_font=&#8220;||||||||&#8220; text_font_size=&#8220;19px&#8220;]<\/p>\n<p style=\"text-align: left;\">Ici vous trouverez les \u00e9l\u00e9ments qui vous permettront d\u2019approfondir le myst\u00e8re de Pentec\u00f4te :<\/p>\n<ul style=\"text-align: left;\">\n<li>Samedi matin : Introduction \u00e0 la liturgie ainsi qu&#8217;une m\u00e9ditation par le pasteur F\u00e9lix Moser<\/li>\n<li>Dimanche matin : Une m\u00e9ditation par le pasteur et l&#8217;hom\u00e9lie de la c\u00e9l\u00e9bration de Pentec\u00f4te<\/li>\n<li>Lundi matin : L&#8217;hom\u00e9lie de la c\u00e9l\u00e9bration du lundi de Pentec\u00f4te<\/li>\n<\/ul>\n<p style=\"text-align: left;\">Nous nous r\u00e9jouissons de faire un petit bout de chemin avec vous\u00a0!<\/p>\n<p>[\/et_pb_text][\/et_pb_column][\/et_pb_row][\/et_pb_section][et_pb_section fb_built=&#8220;1&#8243; _builder_version=&#8220;3.23.3&#8243;][et_pb_row disabled_on=&#8220;off|off|off&#8220; _builder_version=&#8220;3.23.3&#8243;][et_pb_column type=&#8220;4_4&#8243; _builder_version=&#8220;3.23.3&#8243;][et_pb_blog fullwidth=&#8220;off&#8220; posts_number=&#8220;6&#8243; include_categories=&#8220;313&#8243; show_more=&#8220;on&#8220; show_author=&#8220;off&#8220; show_categories=&#8220;off&#8220; _builder_version=&#8220;3.23.3&#8243;][\/et_pb_blog][\/et_pb_column][\/et_pb_row][\/et_pb_section]<\/p>\n","protected":false},"excerpt":{"rendered":"<p>Approfondir le myst\u00e8re de Pentec\u00f4teEtant donn\u00e9es les circonstances, nous avons d\u00fb annuler la retraite de Pentec\u00f4te qui \u00e9tait pr\u00e9vue du 29 mai au 1er\u00a0 juin. Nous vous invitons cependant \u00e0 approfondir le myst\u00e8re de Pentec\u00f4te autrement\u00a0: par la pri\u00e8re en communion avec la communaut\u00e9 \u2013 vous trouverez l\u2019horaire des pri\u00e8res et des c\u00e9l\u00e9brations liturgiques sur [&hellip;]<\/p>\n","protected":false},"author":3,"featured_media":19941,"parent":0,"menu_order":5,"comment_status":"closed","ping_status":"closed","template":"","meta":{"_et_pb_use_builder":"on","_et_pb_old_content":"","_et_gb_content_width":"","jetpack_post_was_ever_published":false,"footnotes":""},"class_list":["post-29943","page","type-page","status-publish","has-post-thumbnail","hentry"],"yoast_head":"<!-- This site is optimized with the Yoast SEO plugin v27.1.1 - https:\/\/yoast.com\/product\/yoast-seo-wordpress\/ -->\n<title>Pentec\u00f4te 2020 | Communaut\u00e9 de Grandchamp<\/title>\n<meta name=\"robots\" content=\"index, follow, max-snippet:-1, max-image-preview:large, max-video-preview:-1\" \/>\n<link rel=\"canonical\" href=\"https:\/\/www.grandchamp.org\/de\/pentecote-2020\/\" \/>\n<meta property=\"og:locale\" content=\"de_DE\" \/>\n<meta property=\"og:type\" content=\"article\" \/>\n<meta property=\"og:title\" content=\"Pentec\u00f4te 2020 | Communaut\u00e9 de Grandchamp\" \/>\n<meta property=\"og:description\" content=\"Approfondir le myst\u00e8re de Pentec\u00f4teEtant donn\u00e9es les circonstances, nous avons d\u00fb annuler la retraite de Pentec\u00f4te qui \u00e9tait pr\u00e9vue du 29 mai au 1er\u00a0 juin. Nous vous invitons cependant \u00e0 approfondir le myst\u00e8re de Pentec\u00f4te autrement\u00a0: par la pri\u00e8re en communion avec la communaut\u00e9 \u2013 vous trouverez l\u2019horaire des pri\u00e8res et des c\u00e9l\u00e9brations liturgiques sur [&hellip;]\" \/>\n<meta property=\"og:url\" content=\"https:\/\/www.grandchamp.org\/de\/pentecote-2020\/\" \/>\n<meta property=\"og:site_name\" content=\"Communaut\u00e9 de Grandchamp\" \/>\n<meta property=\"article:publisher\" content=\"https:\/\/www.facebook.com\/communautedegrandchamp\/\" \/>\n<meta property=\"article:modified_time\" content=\"2020-05-30T07:54:34+00:00\" \/>\n<meta property=\"og:image\" content=\"https:\/\/i0.wp.com\/www.grandchamp.org\/wp-content\/uploads\/2019\/01\/UNADJUSTEDNONRAW_thumb_1d0.jpg?fit=500%2C281&ssl=1\" \/>\n\t<meta property=\"og:image:width\" content=\"500\" \/>\n\t<meta property=\"og:image:height\" content=\"281\" \/>\n\t<meta property=\"og:image:type\" content=\"image\/jpeg\" \/>\n<meta name=\"twitter:card\" content=\"summary_large_image\" \/>\n<meta name=\"twitter:label1\" content=\"Gesch\u00e4tzte Lesezeit\" \/>\n\t<meta name=\"twitter:data1\" content=\"4\u00a0Minuten\" \/>\n<script type=\"application\/ld+json\" class=\"yoast-schema-graph\">{\"@context\":\"https:\/\/schema.org\",\"@graph\":[{\"@type\":\"WebPage\",\"@id\":\"https:\/\/www.grandchamp.org\/de\/pentecote-2020\/\",\"url\":\"https:\/\/www.grandchamp.org\/de\/pentecote-2020\/\",\"name\":\"Pentec\u00f4te 2020 | Communaut\u00e9 de Grandchamp\",\"isPartOf\":{\"@id\":\"https:\/\/www.grandchamp.org\/#website\"},\"primaryImageOfPage\":{\"@id\":\"https:\/\/www.grandchamp.org\/de\/pentecote-2020\/#primaryimage\"},\"image\":{\"@id\":\"https:\/\/www.grandchamp.org\/de\/pentecote-2020\/#primaryimage\"},\"thumbnailUrl\":\"https:\/\/i0.wp.com\/www.grandchamp.org\/wp-content\/uploads\/2019\/01\/UNADJUSTEDNONRAW_thumb_1d0.jpg?fit=500%2C281&ssl=1\",\"datePublished\":\"2020-05-14T08:34:57+00:00\",\"dateModified\":\"2020-05-30T07:54:34+00:00\",\"breadcrumb\":{\"@id\":\"https:\/\/www.grandchamp.org\/de\/pentecote-2020\/#breadcrumb\"},\"inLanguage\":\"de\",\"potentialAction\":[{\"@type\":\"ReadAction\",\"target\":[\"https:\/\/www.grandchamp.org\/de\/pentecote-2020\/\"]}]},{\"@type\":\"ImageObject\",\"inLanguage\":\"de\",\"@id\":\"https:\/\/www.grandchamp.org\/de\/pentecote-2020\/#primaryimage\",\"url\":\"https:\/\/i0.wp.com\/www.grandchamp.org\/wp-content\/uploads\/2019\/01\/UNADJUSTEDNONRAW_thumb_1d0.jpg?fit=500%2C281&ssl=1\",\"contentUrl\":\"https:\/\/i0.wp.com\/www.grandchamp.org\/wp-content\/uploads\/2019\/01\/UNADJUSTEDNONRAW_thumb_1d0.jpg?fit=500%2C281&ssl=1\",\"width\":500,\"height\":281},{\"@type\":\"BreadcrumbList\",\"@id\":\"https:\/\/www.grandchamp.org\/de\/pentecote-2020\/#breadcrumb\",\"itemListElement\":[{\"@type\":\"ListItem\",\"position\":1,\"name\":\"Home\",\"item\":\"https:\/\/www.grandchamp.org\/\"},{\"@type\":\"ListItem\",\"position\":2,\"name\":\"Pentec\u00f4te 2020\"}]},{\"@type\":\"WebSite\",\"@id\":\"https:\/\/www.grandchamp.org\/#website\",\"url\":\"https:\/\/www.grandchamp.org\/\",\"name\":\"Communaut\u00e9 de Grandchamp\",\"description\":\"Site de la Communaut\u00e9 de Grandchamp \u00e0 Areuse, Suisse\",\"publisher\":{\"@id\":\"https:\/\/www.grandchamp.org\/#organization\"},\"potentialAction\":[{\"@type\":\"SearchAction\",\"target\":{\"@type\":\"EntryPoint\",\"urlTemplate\":\"https:\/\/www.grandchamp.org\/?s={search_term_string}\"},\"query-input\":{\"@type\":\"PropertyValueSpecification\",\"valueRequired\":true,\"valueName\":\"search_term_string\"}}],\"inLanguage\":\"de\"},{\"@type\":\"Organization\",\"@id\":\"https:\/\/www.grandchamp.org\/#organization\",\"name\":\"Communaut\u00e9 de Grandchamp\",\"url\":\"https:\/\/www.grandchamp.org\/\",\"logo\":{\"@type\":\"ImageObject\",\"inLanguage\":\"de\",\"@id\":\"https:\/\/www.grandchamp.org\/#\/schema\/logo\/image\/\",\"url\":\"https:\/\/i0.wp.com\/www.grandchamp.org\/wp-content\/uploads\/2015\/12\/Communaute\u0301_Grandchamp_logodef_QUADRI.jpg?fit=2105%2C1152&ssl=1\",\"contentUrl\":\"https:\/\/i0.wp.com\/www.grandchamp.org\/wp-content\/uploads\/2015\/12\/Communaute\u0301_Grandchamp_logodef_QUADRI.jpg?fit=2105%2C1152&ssl=1\",\"width\":2105,\"height\":1152,\"caption\":\"Communaut\u00e9 de Grandchamp\"},\"image\":{\"@id\":\"https:\/\/www.grandchamp.org\/#\/schema\/logo\/image\/\"},\"sameAs\":[\"https:\/\/www.facebook.com\/communautedegrandchamp\/\"]}]}<\/script>\n<!-- \/ Yoast SEO plugin. -->","yoast_head_json":{"title":"Pentec\u00f4te 2020 | Communaut\u00e9 de Grandchamp","robots":{"index":"index","follow":"follow","max-snippet":"max-snippet:-1","max-image-preview":"max-image-preview:large","max-video-preview":"max-video-preview:-1"},"canonical":"https:\/\/www.grandchamp.org\/de\/pentecote-2020\/","og_locale":"de_DE","og_type":"article","og_title":"Pentec\u00f4te 2020 | Communaut\u00e9 de Grandchamp","og_description":"Approfondir le myst\u00e8re de Pentec\u00f4teEtant donn\u00e9es les circonstances, nous avons d\u00fb annuler la retraite de Pentec\u00f4te qui \u00e9tait pr\u00e9vue du 29 mai au 1er\u00a0 juin. Nous vous invitons cependant \u00e0 approfondir le myst\u00e8re de Pentec\u00f4te autrement\u00a0: par la pri\u00e8re en communion avec la communaut\u00e9 \u2013 vous trouverez l\u2019horaire des pri\u00e8res et des c\u00e9l\u00e9brations liturgiques sur [&hellip;]","og_url":"https:\/\/www.grandchamp.org\/de\/pentecote-2020\/","og_site_name":"Communaut\u00e9 de Grandchamp","article_publisher":"https:\/\/www.facebook.com\/communautedegrandchamp\/","article_modified_time":"2020-05-30T07:54:34+00:00","og_image":[{"width":500,"height":281,"url":"https:\/\/i0.wp.com\/www.grandchamp.org\/wp-content\/uploads\/2019\/01\/UNADJUSTEDNONRAW_thumb_1d0.jpg?fit=500%2C281&ssl=1","type":"image\/jpeg"}],"twitter_card":"summary_large_image","twitter_misc":{"Gesch\u00e4tzte Lesezeit":"4\u00a0Minuten"},"schema":{"@context":"https:\/\/schema.org","@graph":[{"@type":"WebPage","@id":"https:\/\/www.grandchamp.org\/de\/pentecote-2020\/","url":"https:\/\/www.grandchamp.org\/de\/pentecote-2020\/","name":"Pentec\u00f4te 2020 | Communaut\u00e9 de Grandchamp","isPartOf":{"@id":"https:\/\/www.grandchamp.org\/#website"},"primaryImageOfPage":{"@id":"https:\/\/www.grandchamp.org\/de\/pentecote-2020\/#primaryimage"},"image":{"@id":"https:\/\/www.grandchamp.org\/de\/pentecote-2020\/#primaryimage"},"thumbnailUrl":"https:\/\/i0.wp.com\/www.grandchamp.org\/wp-content\/uploads\/2019\/01\/UNADJUSTEDNONRAW_thumb_1d0.jpg?fit=500%2C281&ssl=1","datePublished":"2020-05-14T08:34:57+00:00","dateModified":"2020-05-30T07:54:34+00:00","breadcrumb":{"@id":"https:\/\/www.grandchamp.org\/de\/pentecote-2020\/#breadcrumb"},"inLanguage":"de","potentialAction":[{"@type":"ReadAction","target":["https:\/\/www.grandchamp.org\/de\/pentecote-2020\/"]}]},{"@type":"ImageObject","inLanguage":"de","@id":"https:\/\/www.grandchamp.org\/de\/pentecote-2020\/#primaryimage","url":"https:\/\/i0.wp.com\/www.grandchamp.org\/wp-content\/uploads\/2019\/01\/UNADJUSTEDNONRAW_thumb_1d0.jpg?fit=500%2C281&ssl=1","contentUrl":"https:\/\/i0.wp.com\/www.grandchamp.org\/wp-content\/uploads\/2019\/01\/UNADJUSTEDNONRAW_thumb_1d0.jpg?fit=500%2C281&ssl=1","width":500,"height":281},{"@type":"BreadcrumbList","@id":"https:\/\/www.grandchamp.org\/de\/pentecote-2020\/#breadcrumb","itemListElement":[{"@type":"ListItem","position":1,"name":"Home","item":"https:\/\/www.grandchamp.org\/"},{"@type":"ListItem","position":2,"name":"Pentec\u00f4te 2020"}]},{"@type":"WebSite","@id":"https:\/\/www.grandchamp.org\/#website","url":"https:\/\/www.grandchamp.org\/","name":"Communaut\u00e9 de Grandchamp","description":"Site de la Communaut\u00e9 de Grandchamp \u00e0 Areuse, Suisse","publisher":{"@id":"https:\/\/www.grandchamp.org\/#organization"},"potentialAction":[{"@type":"SearchAction","target":{"@type":"EntryPoint","urlTemplate":"https:\/\/www.grandchamp.org\/?s={search_term_string}"},"query-input":{"@type":"PropertyValueSpecification","valueRequired":true,"valueName":"search_term_string"}}],"inLanguage":"de"},{"@type":"Organization","@id":"https:\/\/www.grandchamp.org\/#organization","name":"Communaut\u00e9 de Grandchamp","url":"https:\/\/www.grandchamp.org\/","logo":{"@type":"ImageObject","inLanguage":"de","@id":"https:\/\/www.grandchamp.org\/#\/schema\/logo\/image\/","url":"https:\/\/i0.wp.com\/www.grandchamp.org\/wp-content\/uploads\/2015\/12\/Communaute\u0301_Grandchamp_logodef_QUADRI.jpg?fit=2105%2C1152&ssl=1","contentUrl":"https:\/\/i0.wp.com\/www.grandchamp.org\/wp-content\/uploads\/2015\/12\/Communaute\u0301_Grandchamp_logodef_QUADRI.jpg?fit=2105%2C1152&ssl=1","width":2105,"height":1152,"caption":"Communaut\u00e9 de Grandchamp"},"image":{"@id":"https:\/\/www.grandchamp.org\/#\/schema\/logo\/image\/"},"sameAs":["https:\/\/www.facebook.com\/communautedegrandchamp\/"]}]}},"jetpack_shortlink":"https:\/\/wp.me\/P7jU1J-7MX","jetpack_sharing_enabled":true,"_links":{"self":[{"href":"https:\/\/www.grandchamp.org\/de\/wp-json\/wp\/v2\/pages\/29943","targetHints":{"allow":["GET"]}}],"collection":[{"href":"https:\/\/www.grandchamp.org\/de\/wp-json\/wp\/v2\/pages"}],"about":[{"href":"https:\/\/www.grandchamp.org\/de\/wp-json\/wp\/v2\/types\/page"}],"author":[{"embeddable":true,"href":"https:\/\/www.grandchamp.org\/de\/wp-json\/wp\/v2\/users\/3"}],"replies":[{"embeddable":true,"href":"https:\/\/www.grandchamp.org\/de\/wp-json\/wp\/v2\/comments?post=29943"}],"version-history":[{"count":4,"href":"https:\/\/www.grandchamp.org\/de\/wp-json\/wp\/v2\/pages\/29943\/revisions"}],"predecessor-version":[{"id":30520,"href":"https:\/\/www.grandchamp.org\/de\/wp-json\/wp\/v2\/pages\/29943\/revisions\/30520"}],"wp:featuredmedia":[{"embeddable":true,"href":"https:\/\/www.grandchamp.org\/de\/wp-json\/wp\/v2\/media\/19941"}],"wp:attachment":[{"href":"https:\/\/www.grandchamp.org\/de\/wp-json\/wp\/v2\/media?parent=29943"}],"curies":[{"name":"wp","href":"https:\/\/api.w.org\/{rel}","templated":true}]}}