{"id":31276,"date":"2020-07-24T16:38:58","date_gmt":"2020-07-24T14:38:58","guid":{"rendered":"https:\/\/www.grandchamp.org\/materiel-pour-la-celebration\/"},"modified":"2021-01-20T16:25:39","modified_gmt":"2021-01-20T15:25:39","slug":"materiel-pour-la-celebration","status":"publish","type":"page","link":"https:\/\/www.grandchamp.org\/en\/materiel-pour-la-celebration\/","title":{"rendered":"For the celebration"},"content":{"rendered":"<p>[et_pb_section fb_built=&#8221;1&#8243; fullwidth=&#8221;on&#8221; _builder_version=&#8221;3.23.3&#8243;][et_pb_fullwidth_slider _builder_version=&#8221;3.23.3&#8243; header_font=&#8221;|600|||||||&#8221;][et_pb_slide heading=&#8221;For the celebration&#8221; use_text_overlay=&#8221;on&#8221; _builder_version=&#8221;3.23.3&#8243; background_image=&#8221;https:\/\/www.grandchamp.org\/wp-content\/uploads\/2020\/07\/P1030939-1.png&#8221; background_position=&#8221;top_center&#8221;][\/et_pb_slide][\/et_pb_fullwidth_slider][\/et_pb_section][et_pb_section fb_built=&#8221;1&#8243; specialty=&#8221;on&#8221; _builder_version=&#8221;3.23.3&#8243;][et_pb_column type=&#8221;1_3&#8243; _builder_version=&#8221;3.25&#8243; custom_padding=&#8221;|||&#8221; custom_padding__hover=&#8221;|||&#8221;][et_pb_image src=&#8221;https:\/\/www.grandchamp.org\/wp-content\/uploads\/2020\/07\/cercle35.jpg&#8221; _builder_version=&#8221;3.23.3&#8243;][\/et_pb_image][et_pb_image src=&#8221;https:\/\/www.grandchamp.org\/wp-content\/uploads\/2020\/07\/Version-2-1.jpg&#8221; _builder_version=&#8221;3.23.3&#8243;][\/et_pb_image][et_pb_image src=&#8221;https:\/\/www.grandchamp.org\/wp-content\/uploads\/2020\/07\/Version-2-2.jpg&#8221; _builder_version=&#8221;3.23.3&#8243;][\/et_pb_image][\/et_pb_column][et_pb_column type=&#8221;2_3&#8243; specialty_columns=&#8221;2&#8243; _builder_version=&#8221;3.25&#8243; custom_padding=&#8221;|||&#8221; custom_padding__hover=&#8221;|||&#8221;][et_pb_row_inner _builder_version=&#8221;3.25&#8243;][et_pb_column_inner saved_specialty_column_type=&#8221;2_3&#8243; _builder_version=&#8221;3.25&#8243; custom_padding=&#8221;|||&#8221; custom_padding__hover=&#8221;|||&#8221;][et_pb_text _builder_version=&#8221;3.27.4&#8243;]<\/p>\n<h1>Songs for the celebration:<\/h1>\n<p>[\/et_pb_text][\/et_pb_column_inner][\/et_pb_row_inner][et_pb_row_inner column_structure=&#8221;1_2,1_2&#8243; _builder_version=&#8221;3.25&#8243;][et_pb_column_inner type=&#8221;1_2&#8243; saved_specialty_column_type=&#8221;2_3&#8243; _builder_version=&#8221;3.25&#8243; custom_padding=&#8221;|||&#8221; custom_padding__hover=&#8221;|||&#8221;][et_pb_audio audio=&#8221;https:\/\/www.grandchamp.org\/wp-content\/uploads\/2020\/07\/Toi-qui-nous-appelles.mp3&#8243; title=&#8221;Toi qui nous appelles&#8221; artist_name=&#8221;Communaut\u00e9 de Grandchamp&#8221; _builder_version=&#8221;3.23.3&#8243; background_layout=&#8221;light&#8221;][\/et_pb_audio][et_pb_text _builder_version=&#8221;4.5.6&#8243; _module_preset=&#8221;default&#8221;]<\/p>\n<p style=\"text-align: center;\"><a href=\"https:\/\/www.grandchamp.org\/wp-content\/uploads\/2020\/07\/Toi-qui-nous-appelles.mp3\" target=\"_blank\" rel=\"noopener noreferrer\" download=\"\">T\u00e9l\u00e9chargement<\/a><\/p>\n<p>[\/et_pb_text][et_pb_divider color=&#8221;#6b6b6b&#8221; divider_position=&#8221;center&#8221; _builder_version=&#8221;4.5.6&#8243; _module_preset=&#8221;default&#8221;][\/et_pb_divider][et_pb_audio audio=&#8221;https:\/\/www.grandchamp.org\/wp-content\/uploads\/2020\/07\/Lumie\u0300re-de-Dieu-en-franc\u0327ais.mp3&#8243; title=&#8221;Lumie\u0300re de Dieu in french&#8221; artist_name=&#8221;Communaut\u00e9 de Grandchamp&#8221; _builder_version=&#8221;3.23.3&#8243; background_layout=&#8221;light&#8221;][\/et_pb_audio][et_pb_text _builder_version=&#8221;4.5.6&#8243; _module_preset=&#8221;default&#8221;]<\/p>\n<p style=\"text-align: center;\"><a href=\"https:\/\/www.grandchamp.org\/wp-content\/uploads\/2020\/07\/Lumie\u0300re-de-Dieu-en-franc\u0327ais.mp3\" target=\"_blank\" rel=\"noopener noreferrer\" download=\"\">T\u00e9l\u00e9chargement<\/a><\/p>\n<p>[\/et_pb_text][et_pb_divider color=&#8221;#6b6b6b&#8221; divider_position=&#8221;center&#8221; _builder_version=&#8221;4.5.6&#8243; _module_preset=&#8221;default&#8221;][\/et_pb_divider][et_pb_audio audio=&#8221;https:\/\/www.grandchamp.org\/wp-content\/uploads\/2020\/08\/DIEU-DE-PAIX.mp3&#8243; title=&#8221;Dieu de paix, Dieu d&#8217;amour&#8221; artist_name=&#8221;Communaut\u00e9 de Grandchamp&#8221; _builder_version=&#8221;4.5.6&#8243; _module_preset=&#8221;default&#8221; background_layout=&#8221;light&#8221;][\/et_pb_audio][et_pb_text _builder_version=&#8221;4.5.6&#8243; _module_preset=&#8221;default&#8221;]<\/p>\n<p style=\"text-align: center;\"><a href=\"https:\/\/www.grandchamp.org\/wp-content\/uploads\/2020\/08\/DIEU-DE-PAIX.mp3\" target=\"_blank\" rel=\"noopener noreferrer\" download=\"\">T\u00e9l\u00e9chargement<\/a><\/p>\n<p>[\/et_pb_text][\/et_pb_column_inner][et_pb_column_inner type=&#8221;1_2&#8243; saved_specialty_column_type=&#8221;2_3&#8243; _builder_version=&#8221;3.25&#8243; custom_padding=&#8221;|||&#8221; custom_padding__hover=&#8221;|||&#8221;][et_pb_audio audio=&#8221;https:\/\/www.grandchamp.org\/wp-content\/uploads\/2020\/07\/La-joie-de-notre-coeur.mp3&#8243; title=&#8221;La joie de notre coeur&#8221; artist_name=&#8221;Communaut\u00e9 de Grandchamp&#8221; _builder_version=&#8221;3.23.3&#8243; background_layout=&#8221;light&#8221;][\/et_pb_audio][et_pb_text _builder_version=&#8221;4.5.6&#8243; _module_preset=&#8221;default&#8221;]<\/p>\n<p style=\"text-align: center;\"><a href=\"https:\/\/www.grandchamp.org\/wp-content\/uploads\/2020\/07\/La-joie-de-notre-coeur.mp3\" target=\"_blank\" rel=\"noopener noreferrer\" download=\"\">T\u00e9l\u00e9chargement<\/a><\/p>\n<p>[\/et_pb_text][et_pb_divider color=&#8221;#6b6b6b&#8221; divider_position=&#8221;center&#8221; _builder_version=&#8221;4.5.6&#8243; _module_preset=&#8221;default&#8221;][\/et_pb_divider][et_pb_audio audio=&#8221;https:\/\/www.grandchamp.org\/wp-content\/uploads\/2020\/07\/Lumie\u0300re-de-Dieu-plusieurs-langues.mp3&#8243; title=&#8221;Lumie\u0300re de Dieu in different languages&#8221; artist_name=&#8221;Communaut\u00e9 de Grandchamp&#8221; _builder_version=&#8221;3.23.3&#8243; background_layout=&#8221;light&#8221;][\/et_pb_audio][et_pb_text _builder_version=&#8221;4.5.6&#8243; _module_preset=&#8221;default&#8221;]<\/p>\n<p style=\"text-align: center;\"><a href=\"https:\/\/www.grandchamp.org\/wp-content\/uploads\/2020\/07\/Lumie\u0300re-de-Dieu-plusieurs-langues.mp3\" target=\"_blank\" rel=\"noopener noreferrer\" download=\"\">T\u00e9l\u00e9chargement<\/a><\/p>\n<p>[\/et_pb_text][\/et_pb_column_inner][\/et_pb_row_inner][et_pb_row_inner _builder_version=&#8221;3.25&#8243;][et_pb_column_inner saved_specialty_column_type=&#8221;2_3&#8243; _builder_version=&#8221;3.25&#8243; custom_padding=&#8221;|||&#8221; custom_padding__hover=&#8221;|||&#8221;][et_pb_text _builder_version=&#8221;3.27.4&#8243;]<\/p>\n<h2>The music in pdf:<\/h2>\n<p>[\/et_pb_text][et_pb_text _builder_version=&#8221;4.5.6&#8243; text_font=&#8221;||||||||&#8221; text_font_size=&#8221;20px&#8221; hover_enabled=&#8221;0&#8243;]<\/p>\n<ul>\n<li><a href=\"https:\/\/www.grandchamp.org\/wp-content\/uploads\/2020\/07\/Litanie_Toi-qui-nous-appelles.pdf\" target=\"_blank\" rel=\"noopener noreferrer\">Toi qui nous appelle &#8211; r\u00e9pons<\/a><\/li>\n<li><a href=\"https:\/\/www.grandchamp.org\/wp-content\/uploads\/2020\/07\/Toi-qui-nous-appelles.pdf\" target=\"_blank\" rel=\"noopener noreferrer\">Toi qui nous appelle &#8211; compl\u00e8te<\/a><\/li>\n<li><a href=\"https:\/\/www.grandchamp.org\/wp-content\/uploads\/2020\/07\/You-who-call-us-to-be-praise.pdf\" target=\"_blank\" rel=\"noopener noreferrer\">You who call us to be praise<\/a><\/li>\n<li><a href=\"https:\/\/www.grandchamp.org\/wp-content\/uploads\/2020\/07\/Dieu-de-paix-Dieu-damour.pdf\" target=\"_blank\" rel=\"noopener noreferrer\">Dieu de paix, Dieu d&#8217;amour &#8211; God of peace, God of love<\/a><\/li>\n<li><a href=\"https:\/\/www.grandchamp.org\/wp-content\/uploads\/2020\/07\/La-joie-de-notre-coeur.pdf\" target=\"_blank\" rel=\"noopener noreferrer\">La joie de notre c\u0153ur<\/a><\/li>\n<li><a href=\"https:\/\/www.grandchamp.org\/wp-content\/uploads\/2021\/01\/Lumie\u0300re-de-Dieu-8-langues-corr.pdf\" target=\"_blank\" rel=\"noopener noreferrer\">Lumi\u00e8re de Dieu en 8 langues<\/a><\/li>\n<\/ul>\n<p>The following songs are from the community of Taiz\u00e9:<\/p>\n<ul>\n<li>Ubi caritas Deus ibi est<\/li>\n<li>\u00d4 toi, l&#8217;au-del\u00e0 de tout<\/li>\n<li>There is one Lord<\/li>\n<\/ul>\n<p>You can find the music at the <a href=\"https:\/\/www.taize.fr\/fr_article10317.html\" target=\"_blank\" rel=\"noopener noreferrer\">webpage of the community<\/a> and you can listen to the songs on YouTube.<\/p>\n<p>&nbsp;<\/p>\n<p>&nbsp;<br \/>\n[\/et_pb_text][\/et_pb_column_inner][\/et_pb_row_inner][et_pb_row_inner column_structure=&#8221;1_2,1_2&#8243; _builder_version=&#8221;3.25&#8243;][et_pb_column_inner type=&#8221;1_2&#8243; saved_specialty_column_type=&#8221;2_3&#8243; _builder_version=&#8221;3.25&#8243; custom_padding=&#8221;|||&#8221; custom_padding__hover=&#8221;|||&#8221;][et_pb_image src=&#8221;https:\/\/www.grandchamp.org\/wp-content\/uploads\/2020\/07\/P1030945.jpg&#8221; _builder_version=&#8221;3.23.3&#8243;][\/et_pb_image][\/et_pb_column_inner][et_pb_column_inner type=&#8221;1_2&#8243; saved_specialty_column_type=&#8221;2_3&#8243; _builder_version=&#8221;3.25&#8243; custom_padding=&#8221;|||&#8221; custom_padding__hover=&#8221;|||&#8221;][et_pb_image src=&#8221;https:\/\/www.grandchamp.org\/wp-content\/uploads\/2020\/07\/P1030918.jpg&#8221; _builder_version=&#8221;3.23.3&#8243;][\/et_pb_image][\/et_pb_column_inner][\/et_pb_row_inner][\/et_pb_column][\/et_pb_section]<\/p>\n","protected":false},"excerpt":{"rendered":"<p>Songs for the celebration:T\u00e9l\u00e9chargementT\u00e9l\u00e9chargementT\u00e9l\u00e9chargementT\u00e9l\u00e9chargementT\u00e9l\u00e9chargementThe music in pdf: Toi qui nous appelle &#8211; r\u00e9pons Toi qui nous appelle &#8211; compl\u00e8te You who call us to be praise Dieu de paix, Dieu d&#8217;amour &#8211; God of peace, God of love La joie de notre c\u0153ur Lumi\u00e8re de Dieu en 8 langues The following songs are from the [&hellip;]<\/p>\n","protected":false},"author":3,"featured_media":0,"parent":0,"menu_order":4,"comment_status":"closed","ping_status":"closed","template":"","meta":{"_et_pb_use_builder":"on","_et_pb_old_content":"","_et_gb_content_width":"","jetpack_post_was_ever_published":false,"footnotes":""},"class_list":["post-31276","page","type-page","status-publish","hentry"],"yoast_head":"<!-- This site is optimized with the Yoast SEO plugin v27.1.1 - https:\/\/yoast.com\/product\/yoast-seo-wordpress\/ -->\n<title>For the celebration | Communaut\u00e9 de Grandchamp<\/title>\n<meta name=\"robots\" content=\"index, follow, max-snippet:-1, max-image-preview:large, max-video-preview:-1\" \/>\n<link rel=\"canonical\" href=\"https:\/\/www.grandchamp.org\/en\/materiel-pour-la-celebration\/\" \/>\n<meta property=\"og:locale\" content=\"en_US\" \/>\n<meta property=\"og:type\" content=\"article\" \/>\n<meta property=\"og:title\" content=\"For the celebration | Communaut\u00e9 de Grandchamp\" \/>\n<meta property=\"og:description\" content=\"Songs for the celebration:T\u00e9l\u00e9chargementT\u00e9l\u00e9chargementT\u00e9l\u00e9chargementT\u00e9l\u00e9chargementT\u00e9l\u00e9chargementThe music in pdf: Toi qui nous appelle - r\u00e9pons Toi qui nous appelle - compl\u00e8te You who call us to be praise Dieu de paix, Dieu d&#039;amour - God of peace, God of love La joie de notre c\u0153ur Lumi\u00e8re de Dieu en 8 langues The following songs are from the [&hellip;]\" \/>\n<meta property=\"og:url\" content=\"https:\/\/www.grandchamp.org\/en\/materiel-pour-la-celebration\/\" \/>\n<meta property=\"og:site_name\" content=\"Communaut\u00e9 de Grandchamp\" \/>\n<meta property=\"article:publisher\" content=\"https:\/\/www.facebook.com\/communautedegrandchamp\/\" \/>\n<meta property=\"article:modified_time\" content=\"2021-01-20T15:25:39+00:00\" \/>\n<meta property=\"og:image\" content=\"https:\/\/i0.wp.com\/www.grandchamp.org\/wp-content\/uploads\/2016\/01\/3.arche-cour-srs.jpg?fit=1000%2C750&ssl=1\" \/>\n\t<meta property=\"og:image:width\" content=\"1000\" \/>\n\t<meta property=\"og:image:height\" content=\"750\" \/>\n\t<meta property=\"og:image:type\" content=\"image\/jpeg\" \/>\n<meta name=\"twitter:card\" content=\"summary_large_image\" \/>\n<meta name=\"twitter:label1\" content=\"Est. reading time\" \/>\n\t<meta name=\"twitter:data1\" content=\"4 minutes\" \/>\n<script type=\"application\/ld+json\" class=\"yoast-schema-graph\">{\"@context\":\"https:\/\/schema.org\",\"@graph\":[{\"@type\":\"WebPage\",\"@id\":\"https:\/\/www.grandchamp.org\/en\/materiel-pour-la-celebration\/\",\"url\":\"https:\/\/www.grandchamp.org\/en\/materiel-pour-la-celebration\/\",\"name\":\"For the celebration | Communaut\u00e9 de Grandchamp\",\"isPartOf\":{\"@id\":\"https:\/\/www.grandchamp.org\/#website\"},\"datePublished\":\"2020-07-24T14:38:58+00:00\",\"dateModified\":\"2021-01-20T15:25:39+00:00\",\"breadcrumb\":{\"@id\":\"https:\/\/www.grandchamp.org\/en\/materiel-pour-la-celebration\/#breadcrumb\"},\"inLanguage\":\"en-US\",\"potentialAction\":[{\"@type\":\"ReadAction\",\"target\":[\"https:\/\/www.grandchamp.org\/en\/materiel-pour-la-celebration\/\"]}]},{\"@type\":\"BreadcrumbList\",\"@id\":\"https:\/\/www.grandchamp.org\/en\/materiel-pour-la-celebration\/#breadcrumb\",\"itemListElement\":[{\"@type\":\"ListItem\",\"position\":1,\"name\":\"Home\",\"item\":\"https:\/\/www.grandchamp.org\/\"},{\"@type\":\"ListItem\",\"position\":2,\"name\":\"For the celebration\"}]},{\"@type\":\"WebSite\",\"@id\":\"https:\/\/www.grandchamp.org\/#website\",\"url\":\"https:\/\/www.grandchamp.org\/\",\"name\":\"Communaut\u00e9 de Grandchamp\",\"description\":\"Site de la Communaut\u00e9 de Grandchamp \u00e0 Areuse, Suisse\",\"publisher\":{\"@id\":\"https:\/\/www.grandchamp.org\/#organization\"},\"potentialAction\":[{\"@type\":\"SearchAction\",\"target\":{\"@type\":\"EntryPoint\",\"urlTemplate\":\"https:\/\/www.grandchamp.org\/?s={search_term_string}\"},\"query-input\":{\"@type\":\"PropertyValueSpecification\",\"valueRequired\":true,\"valueName\":\"search_term_string\"}}],\"inLanguage\":\"en-US\"},{\"@type\":\"Organization\",\"@id\":\"https:\/\/www.grandchamp.org\/#organization\",\"name\":\"Communaut\u00e9 de Grandchamp\",\"url\":\"https:\/\/www.grandchamp.org\/\",\"logo\":{\"@type\":\"ImageObject\",\"inLanguage\":\"en-US\",\"@id\":\"https:\/\/www.grandchamp.org\/#\/schema\/logo\/image\/\",\"url\":\"https:\/\/i0.wp.com\/www.grandchamp.org\/wp-content\/uploads\/2015\/12\/Communaute\u0301_Grandchamp_logodef_QUADRI.jpg?fit=2105%2C1152&ssl=1\",\"contentUrl\":\"https:\/\/i0.wp.com\/www.grandchamp.org\/wp-content\/uploads\/2015\/12\/Communaute\u0301_Grandchamp_logodef_QUADRI.jpg?fit=2105%2C1152&ssl=1\",\"width\":2105,\"height\":1152,\"caption\":\"Communaut\u00e9 de Grandchamp\"},\"image\":{\"@id\":\"https:\/\/www.grandchamp.org\/#\/schema\/logo\/image\/\"},\"sameAs\":[\"https:\/\/www.facebook.com\/communautedegrandchamp\/\"]}]}<\/script>\n<!-- \/ Yoast SEO plugin. -->","yoast_head_json":{"title":"For the celebration | Communaut\u00e9 de Grandchamp","robots":{"index":"index","follow":"follow","max-snippet":"max-snippet:-1","max-image-preview":"max-image-preview:large","max-video-preview":"max-video-preview:-1"},"canonical":"https:\/\/www.grandchamp.org\/en\/materiel-pour-la-celebration\/","og_locale":"en_US","og_type":"article","og_title":"For the celebration | Communaut\u00e9 de Grandchamp","og_description":"Songs for the celebration:T\u00e9l\u00e9chargementT\u00e9l\u00e9chargementT\u00e9l\u00e9chargementT\u00e9l\u00e9chargementT\u00e9l\u00e9chargementThe music in pdf: Toi qui nous appelle - r\u00e9pons Toi qui nous appelle - compl\u00e8te You who call us to be praise Dieu de paix, Dieu d'amour - God of peace, God of love La joie de notre c\u0153ur Lumi\u00e8re de Dieu en 8 langues The following songs are from the [&hellip;]","og_url":"https:\/\/www.grandchamp.org\/en\/materiel-pour-la-celebration\/","og_site_name":"Communaut\u00e9 de Grandchamp","article_publisher":"https:\/\/www.facebook.com\/communautedegrandchamp\/","article_modified_time":"2021-01-20T15:25:39+00:00","og_image":[{"width":1000,"height":750,"url":"https:\/\/i0.wp.com\/www.grandchamp.org\/wp-content\/uploads\/2016\/01\/3.arche-cour-srs.jpg?fit=1000%2C750&ssl=1","type":"image\/jpeg"}],"twitter_card":"summary_large_image","twitter_misc":{"Est. reading time":"4 minutes"},"schema":{"@context":"https:\/\/schema.org","@graph":[{"@type":"WebPage","@id":"https:\/\/www.grandchamp.org\/en\/materiel-pour-la-celebration\/","url":"https:\/\/www.grandchamp.org\/en\/materiel-pour-la-celebration\/","name":"For the celebration | Communaut\u00e9 de Grandchamp","isPartOf":{"@id":"https:\/\/www.grandchamp.org\/#website"},"datePublished":"2020-07-24T14:38:58+00:00","dateModified":"2021-01-20T15:25:39+00:00","breadcrumb":{"@id":"https:\/\/www.grandchamp.org\/en\/materiel-pour-la-celebration\/#breadcrumb"},"inLanguage":"en-US","potentialAction":[{"@type":"ReadAction","target":["https:\/\/www.grandchamp.org\/en\/materiel-pour-la-celebration\/"]}]},{"@type":"BreadcrumbList","@id":"https:\/\/www.grandchamp.org\/en\/materiel-pour-la-celebration\/#breadcrumb","itemListElement":[{"@type":"ListItem","position":1,"name":"Home","item":"https:\/\/www.grandchamp.org\/"},{"@type":"ListItem","position":2,"name":"For the celebration"}]},{"@type":"WebSite","@id":"https:\/\/www.grandchamp.org\/#website","url":"https:\/\/www.grandchamp.org\/","name":"Communaut\u00e9 de Grandchamp","description":"Site de la Communaut\u00e9 de Grandchamp \u00e0 Areuse, Suisse","publisher":{"@id":"https:\/\/www.grandchamp.org\/#organization"},"potentialAction":[{"@type":"SearchAction","target":{"@type":"EntryPoint","urlTemplate":"https:\/\/www.grandchamp.org\/?s={search_term_string}"},"query-input":{"@type":"PropertyValueSpecification","valueRequired":true,"valueName":"search_term_string"}}],"inLanguage":"en-US"},{"@type":"Organization","@id":"https:\/\/www.grandchamp.org\/#organization","name":"Communaut\u00e9 de Grandchamp","url":"https:\/\/www.grandchamp.org\/","logo":{"@type":"ImageObject","inLanguage":"en-US","@id":"https:\/\/www.grandchamp.org\/#\/schema\/logo\/image\/","url":"https:\/\/i0.wp.com\/www.grandchamp.org\/wp-content\/uploads\/2015\/12\/Communaute\u0301_Grandchamp_logodef_QUADRI.jpg?fit=2105%2C1152&ssl=1","contentUrl":"https:\/\/i0.wp.com\/www.grandchamp.org\/wp-content\/uploads\/2015\/12\/Communaute\u0301_Grandchamp_logodef_QUADRI.jpg?fit=2105%2C1152&ssl=1","width":2105,"height":1152,"caption":"Communaut\u00e9 de Grandchamp"},"image":{"@id":"https:\/\/www.grandchamp.org\/#\/schema\/logo\/image\/"},"sameAs":["https:\/\/www.facebook.com\/communautedegrandchamp\/"]}]}},"jetpack_shortlink":"https:\/\/wp.me\/P7jU1J-88s","jetpack_sharing_enabled":true,"_links":{"self":[{"href":"https:\/\/www.grandchamp.org\/en\/wp-json\/wp\/v2\/pages\/31276","targetHints":{"allow":["GET"]}}],"collection":[{"href":"https:\/\/www.grandchamp.org\/en\/wp-json\/wp\/v2\/pages"}],"about":[{"href":"https:\/\/www.grandchamp.org\/en\/wp-json\/wp\/v2\/types\/page"}],"author":[{"embeddable":true,"href":"https:\/\/www.grandchamp.org\/en\/wp-json\/wp\/v2\/users\/3"}],"replies":[{"embeddable":true,"href":"https:\/\/www.grandchamp.org\/en\/wp-json\/wp\/v2\/comments?post=31276"}],"version-history":[{"count":6,"href":"https:\/\/www.grandchamp.org\/en\/wp-json\/wp\/v2\/pages\/31276\/revisions"}],"predecessor-version":[{"id":34889,"href":"https:\/\/www.grandchamp.org\/en\/wp-json\/wp\/v2\/pages\/31276\/revisions\/34889"}],"wp:attachment":[{"href":"https:\/\/www.grandchamp.org\/en\/wp-json\/wp\/v2\/media?parent=31276"}],"curies":[{"name":"wp","href":"https:\/\/api.w.org\/{rel}","templated":true}]}}