{"id":20211,"date":"2019-02-03T19:19:44","date_gmt":"2019-02-03T18:19:44","guid":{"rendered":"https:\/\/www.grandchamp.org\/?page_id=20211"},"modified":"2019-02-03T20:01:35","modified_gmt":"2019-02-03T19:01:35","slug":"afdruk","status":"publish","type":"page","link":"https:\/\/www.grandchamp.org\/nl\/afdruk\/","title":{"rendered":"Afdruk"},"content":{"rendered":"<p>[et_pb_section fb_built=&#8221;1&#8243; fullwidth=&#8221;on&#8221; _builder_version=&#8221;3.19.11&#8243;][et_pb_fullwidth_slider _builder_version=&#8221;3.19.11&#8243;][et_pb_slide use_text_overlay=&#8221;on&#8221; heading=&#8221;Afdruk&#8221; _builder_version=&#8221;3.19.11&#8243; background_image=&#8221;https:\/\/www.grandchamp.org\/wp-content\/uploads\/2017\/12\/Nouvelles-2017-header-3.jpg&#8221;][\/et_pb_slide][\/et_pb_fullwidth_slider][\/et_pb_section][et_pb_section fb_built=&#8221;1&#8243; _builder_version=&#8221;3.0.47&#8243;][et_pb_row _builder_version=&#8221;3.0.48&#8243; background_size=&#8221;initial&#8221; background_position=&#8221;top_left&#8221; background_repeat=&#8221;repeat&#8221;][et_pb_column type=&#8221;4_4&#8243; _builder_version=&#8221;3.19.11&#8243; parallax=&#8221;off&#8221; parallax_method=&#8221;on&#8221;][et_pb_text _builder_version=&#8221;3.19.11&#8243;]&nbsp;<\/p>\n<h2>Redactie en verantwoordelijk voor de inhoud<\/h2>\n<p>Communaut\u00e9 de Grandchamp<br \/>\nGrandchamp 4<br \/>\nCH-2015 Areuse<br \/>\nSuisse<\/p>\n<p>Tel +41-32- 842 24 92<\/p>\n<p>eMail: <a href=\"mailto:communaute@grandchamp.org\">webmaster@grandchamp.org<\/a><\/p>\n<p>Bank<br \/>\nPostFinance, CH 3030 Bern<br \/>\nFondation des retraites spirituelles de la Communaut\u00e9 de Grandchamp<br \/>\nCCP: 20-2358-6<br \/>\nIBAN: CH36 0900 0000 2000 2358 6<br \/>\nBIC: POFICHBEXXX<\/p>\n<p>&nbsp;<\/p>\n<h2>Ontkenning<\/h2>\n<p>Wij aanvaarden geen verantwoordelijkheid voor de nauwkeurigheid, tijdigheid, betrouwbaarheid en volledigheid van de informatie. Aansprakelijkheidsclaims tegen Communaut\u00e9 de Grandchamp wegens materi\u00eble of immateri\u00eble schade die voortvloeit uit de toegang of het gebruik of niet-gebruik van de gepubliceerde informatie, door misbruik van de verbinding of door technische fouten, zijn uitgesloten. Alle aanbiedingen zijn vrijblijvend. Communaut\u00e9 de Grandchamp behoudt zich uitdrukkelijk het recht voor delen van de pagina&#8217;s of het volledige aanbod zonder voorafgaande kennisgeving te wijzigen, aan te vullen of te verwijderen, of de publicatie tijdelijk of definitief stop te zetten.<\/p>\n<p>&nbsp;<\/p>\n<h2>\u00a9 Copyright<\/h2>\n<p>Het auteursrecht en alle andere rechten op inhoud, afbeeldingen, foto&#8217;s of andere bestanden op de website behoren uitsluitend toe aan de Communaut\u00e9 de Grandchamp of de specifiek genoemde houders van rechten. Elk gebruik, reproductie, vermenigvuldiging, verspreiding of wijziging van alle elementen \/ foto&#8217;s op deze website is alleen toegestaan met uitdrukkelijke toestemming en schriftelijke toestemming.<\/p>\n<p>&nbsp;<\/p>\n<h2>Aansprakelijkheid voor links<\/h2>\n<p>Verwijzingen en links naar websites van derden vallen buiten ons verantwoordelijkheidsdomein. Elke verantwoordelijkheid voor dergelijke websites wordt geweigerd, deze pagina&#8217;s zijn slechts aanbevelingen. De toegang tot en het gebruik van dergelijke websites gebeurt op eigen risico van de gebruiker.<\/p>\n<p>&nbsp;<\/p>\n<p>\u00a9 2019 Copyright Communaut\u00e9 de Grandchamp \u2013 alle rechten voorbehouden.[\/et_pb_text][\/et_pb_column][\/et_pb_row][\/et_pb_section]<\/p>\n","protected":false},"excerpt":{"rendered":"<p>&nbsp; Redactie en verantwoordelijk voor de inhoud Communaut\u00e9 de Grandchamp Grandchamp 4 CH-2015 Areuse Suisse Tel +41-32- 842 24 92 eMail: webmaster@grandchamp.org Bank PostFinance, CH 3030 Bern Fondation des retraites spirituelles de la Communaut\u00e9 de Grandchamp CCP: 20-2358-6 IBAN: CH36 0900 0000 2000 2358 6 BIC: POFICHBEXXX &nbsp; Ontkenning Wij aanvaarden geen verantwoordelijkheid voor de [&hellip;]<\/p>\n","protected":false},"author":14,"featured_media":0,"parent":0,"menu_order":39,"comment_status":"closed","ping_status":"closed","template":"","meta":{"_et_pb_use_builder":"on","_et_pb_old_content":"","_et_gb_content_width":"","jetpack_post_was_ever_published":false,"footnotes":""},"class_list":["post-20211","page","type-page","status-publish","hentry"],"yoast_head":"<!-- This site is optimized with the Yoast SEO plugin v27.1.1 - https:\/\/yoast.com\/product\/yoast-seo-wordpress\/ -->\n<title>Afdruk | Communaut\u00e9 de Grandchamp<\/title>\n<meta name=\"robots\" content=\"index, follow, max-snippet:-1, max-image-preview:large, max-video-preview:-1\" \/>\n<link rel=\"canonical\" href=\"https:\/\/www.grandchamp.org\/nl\/afdruk\/\" \/>\n<meta property=\"og:locale\" content=\"nl_NL\" \/>\n<meta property=\"og:type\" content=\"article\" \/>\n<meta property=\"og:title\" content=\"Afdruk | Communaut\u00e9 de Grandchamp\" \/>\n<meta property=\"og:description\" content=\"&nbsp; Redactie en verantwoordelijk voor de inhoud Communaut\u00e9 de Grandchamp Grandchamp 4 CH-2015 Areuse Suisse Tel +41-32- 842 24 92 eMail: webmaster@grandchamp.org Bank PostFinance, CH 3030 Bern Fondation des retraites spirituelles de la Communaut\u00e9 de Grandchamp CCP: 20-2358-6 IBAN: CH36 0900 0000 2000 2358 6 BIC: POFICHBEXXX &nbsp; Ontkenning Wij aanvaarden geen verantwoordelijkheid voor de [&hellip;]\" \/>\n<meta property=\"og:url\" content=\"https:\/\/www.grandchamp.org\/nl\/afdruk\/\" \/>\n<meta property=\"og:site_name\" content=\"Communaut\u00e9 de Grandchamp\" \/>\n<meta property=\"article:publisher\" content=\"https:\/\/www.facebook.com\/communautedegrandchamp\/\" \/>\n<meta property=\"article:modified_time\" content=\"2019-02-03T19:01:35+00:00\" \/>\n<meta property=\"og:image\" content=\"https:\/\/i0.wp.com\/www.grandchamp.org\/wp-content\/uploads\/2016\/01\/3.arche-cour-srs.jpg?fit=1000%2C750&ssl=1\" \/>\n\t<meta property=\"og:image:width\" content=\"1000\" \/>\n\t<meta property=\"og:image:height\" content=\"750\" \/>\n\t<meta property=\"og:image:type\" content=\"image\/jpeg\" \/>\n<meta name=\"twitter:card\" content=\"summary_large_image\" \/>\n<meta name=\"twitter:label1\" content=\"Geschatte leestijd\" \/>\n\t<meta name=\"twitter:data1\" content=\"2 minuten\" \/>\n<script type=\"application\/ld+json\" class=\"yoast-schema-graph\">{\"@context\":\"https:\/\/schema.org\",\"@graph\":[{\"@type\":\"WebPage\",\"@id\":\"https:\/\/www.grandchamp.org\/nl\/afdruk\/\",\"url\":\"https:\/\/www.grandchamp.org\/nl\/afdruk\/\",\"name\":\"Afdruk | Communaut\u00e9 de Grandchamp\",\"isPartOf\":{\"@id\":\"https:\/\/www.grandchamp.org\/#website\"},\"datePublished\":\"2019-02-03T18:19:44+00:00\",\"dateModified\":\"2019-02-03T19:01:35+00:00\",\"breadcrumb\":{\"@id\":\"https:\/\/www.grandchamp.org\/nl\/afdruk\/#breadcrumb\"},\"inLanguage\":\"nl-NL\",\"potentialAction\":[{\"@type\":\"ReadAction\",\"target\":[\"https:\/\/www.grandchamp.org\/nl\/afdruk\/\"]}]},{\"@type\":\"BreadcrumbList\",\"@id\":\"https:\/\/www.grandchamp.org\/nl\/afdruk\/#breadcrumb\",\"itemListElement\":[{\"@type\":\"ListItem\",\"position\":1,\"name\":\"Home\",\"item\":\"https:\/\/www.grandchamp.org\/\"},{\"@type\":\"ListItem\",\"position\":2,\"name\":\"Afdruk\"}]},{\"@type\":\"WebSite\",\"@id\":\"https:\/\/www.grandchamp.org\/#website\",\"url\":\"https:\/\/www.grandchamp.org\/\",\"name\":\"Communaut\u00e9 de Grandchamp\",\"description\":\"Site de la Communaut\u00e9 de Grandchamp \u00e0 Areuse, Suisse\",\"publisher\":{\"@id\":\"https:\/\/www.grandchamp.org\/#organization\"},\"potentialAction\":[{\"@type\":\"SearchAction\",\"target\":{\"@type\":\"EntryPoint\",\"urlTemplate\":\"https:\/\/www.grandchamp.org\/?s={search_term_string}\"},\"query-input\":{\"@type\":\"PropertyValueSpecification\",\"valueRequired\":true,\"valueName\":\"search_term_string\"}}],\"inLanguage\":\"nl-NL\"},{\"@type\":\"Organization\",\"@id\":\"https:\/\/www.grandchamp.org\/#organization\",\"name\":\"Communaut\u00e9 de Grandchamp\",\"url\":\"https:\/\/www.grandchamp.org\/\",\"logo\":{\"@type\":\"ImageObject\",\"inLanguage\":\"nl-NL\",\"@id\":\"https:\/\/www.grandchamp.org\/#\/schema\/logo\/image\/\",\"url\":\"https:\/\/i0.wp.com\/www.grandchamp.org\/wp-content\/uploads\/2015\/12\/Communaute\u0301_Grandchamp_logodef_QUADRI.jpg?fit=2105%2C1152&ssl=1\",\"contentUrl\":\"https:\/\/i0.wp.com\/www.grandchamp.org\/wp-content\/uploads\/2015\/12\/Communaute\u0301_Grandchamp_logodef_QUADRI.jpg?fit=2105%2C1152&ssl=1\",\"width\":2105,\"height\":1152,\"caption\":\"Communaut\u00e9 de Grandchamp\"},\"image\":{\"@id\":\"https:\/\/www.grandchamp.org\/#\/schema\/logo\/image\/\"},\"sameAs\":[\"https:\/\/www.facebook.com\/communautedegrandchamp\/\"]}]}<\/script>\n<!-- \/ Yoast SEO plugin. -->","yoast_head_json":{"title":"Afdruk | Communaut\u00e9 de Grandchamp","robots":{"index":"index","follow":"follow","max-snippet":"max-snippet:-1","max-image-preview":"max-image-preview:large","max-video-preview":"max-video-preview:-1"},"canonical":"https:\/\/www.grandchamp.org\/nl\/afdruk\/","og_locale":"nl_NL","og_type":"article","og_title":"Afdruk | Communaut\u00e9 de Grandchamp","og_description":"&nbsp; Redactie en verantwoordelijk voor de inhoud Communaut\u00e9 de Grandchamp Grandchamp 4 CH-2015 Areuse Suisse Tel +41-32- 842 24 92 eMail: webmaster@grandchamp.org Bank PostFinance, CH 3030 Bern Fondation des retraites spirituelles de la Communaut\u00e9 de Grandchamp CCP: 20-2358-6 IBAN: CH36 0900 0000 2000 2358 6 BIC: POFICHBEXXX &nbsp; Ontkenning Wij aanvaarden geen verantwoordelijkheid voor de [&hellip;]","og_url":"https:\/\/www.grandchamp.org\/nl\/afdruk\/","og_site_name":"Communaut\u00e9 de Grandchamp","article_publisher":"https:\/\/www.facebook.com\/communautedegrandchamp\/","article_modified_time":"2019-02-03T19:01:35+00:00","og_image":[{"width":1000,"height":750,"url":"https:\/\/i0.wp.com\/www.grandchamp.org\/wp-content\/uploads\/2016\/01\/3.arche-cour-srs.jpg?fit=1000%2C750&ssl=1","type":"image\/jpeg"}],"twitter_card":"summary_large_image","twitter_misc":{"Geschatte leestijd":"2 minuten"},"schema":{"@context":"https:\/\/schema.org","@graph":[{"@type":"WebPage","@id":"https:\/\/www.grandchamp.org\/nl\/afdruk\/","url":"https:\/\/www.grandchamp.org\/nl\/afdruk\/","name":"Afdruk | Communaut\u00e9 de Grandchamp","isPartOf":{"@id":"https:\/\/www.grandchamp.org\/#website"},"datePublished":"2019-02-03T18:19:44+00:00","dateModified":"2019-02-03T19:01:35+00:00","breadcrumb":{"@id":"https:\/\/www.grandchamp.org\/nl\/afdruk\/#breadcrumb"},"inLanguage":"nl-NL","potentialAction":[{"@type":"ReadAction","target":["https:\/\/www.grandchamp.org\/nl\/afdruk\/"]}]},{"@type":"BreadcrumbList","@id":"https:\/\/www.grandchamp.org\/nl\/afdruk\/#breadcrumb","itemListElement":[{"@type":"ListItem","position":1,"name":"Home","item":"https:\/\/www.grandchamp.org\/"},{"@type":"ListItem","position":2,"name":"Afdruk"}]},{"@type":"WebSite","@id":"https:\/\/www.grandchamp.org\/#website","url":"https:\/\/www.grandchamp.org\/","name":"Communaut\u00e9 de Grandchamp","description":"Site de la Communaut\u00e9 de Grandchamp \u00e0 Areuse, Suisse","publisher":{"@id":"https:\/\/www.grandchamp.org\/#organization"},"potentialAction":[{"@type":"SearchAction","target":{"@type":"EntryPoint","urlTemplate":"https:\/\/www.grandchamp.org\/?s={search_term_string}"},"query-input":{"@type":"PropertyValueSpecification","valueRequired":true,"valueName":"search_term_string"}}],"inLanguage":"nl-NL"},{"@type":"Organization","@id":"https:\/\/www.grandchamp.org\/#organization","name":"Communaut\u00e9 de Grandchamp","url":"https:\/\/www.grandchamp.org\/","logo":{"@type":"ImageObject","inLanguage":"nl-NL","@id":"https:\/\/www.grandchamp.org\/#\/schema\/logo\/image\/","url":"https:\/\/i0.wp.com\/www.grandchamp.org\/wp-content\/uploads\/2015\/12\/Communaute\u0301_Grandchamp_logodef_QUADRI.jpg?fit=2105%2C1152&ssl=1","contentUrl":"https:\/\/i0.wp.com\/www.grandchamp.org\/wp-content\/uploads\/2015\/12\/Communaute\u0301_Grandchamp_logodef_QUADRI.jpg?fit=2105%2C1152&ssl=1","width":2105,"height":1152,"caption":"Communaut\u00e9 de Grandchamp"},"image":{"@id":"https:\/\/www.grandchamp.org\/#\/schema\/logo\/image\/"},"sameAs":["https:\/\/www.facebook.com\/communautedegrandchamp\/"]}]}},"jetpack_shortlink":"https:\/\/wp.me\/P7jU1J-5fZ","jetpack_sharing_enabled":true,"_links":{"self":[{"href":"https:\/\/www.grandchamp.org\/nl\/wp-json\/wp\/v2\/pages\/20211","targetHints":{"allow":["GET"]}}],"collection":[{"href":"https:\/\/www.grandchamp.org\/nl\/wp-json\/wp\/v2\/pages"}],"about":[{"href":"https:\/\/www.grandchamp.org\/nl\/wp-json\/wp\/v2\/types\/page"}],"author":[{"embeddable":true,"href":"https:\/\/www.grandchamp.org\/nl\/wp-json\/wp\/v2\/users\/14"}],"replies":[{"embeddable":true,"href":"https:\/\/www.grandchamp.org\/nl\/wp-json\/wp\/v2\/comments?post=20211"}],"version-history":[{"count":1,"href":"https:\/\/www.grandchamp.org\/nl\/wp-json\/wp\/v2\/pages\/20211\/revisions"}],"predecessor-version":[{"id":20212,"href":"https:\/\/www.grandchamp.org\/nl\/wp-json\/wp\/v2\/pages\/20211\/revisions\/20212"}],"wp:attachment":[{"href":"https:\/\/www.grandchamp.org\/nl\/wp-json\/wp\/v2\/media?parent=20211"}],"curies":[{"name":"wp","href":"https:\/\/api.w.org\/{rel}","templated":true}]}}