{"id":21681,"date":"2019-02-08T19:36:05","date_gmt":"2019-02-08T18:36:05","guid":{"rendered":"https:\/\/www.grandchamp.org\/contact-2\/"},"modified":"2023-04-28T11:32:26","modified_gmt":"2023-04-28T09:32:26","slug":"contact","status":"publish","type":"page","link":"https:\/\/www.grandchamp.org\/nl\/contact\/","title":{"rendered":"Contact"},"content":{"rendered":"<p>[et_pb_section fb_built=&#8221;1&#8243; fullwidth=&#8221;on&#8221; _builder_version=&#8221;3.22.3&#8243;][et_pb_fullwidth_slider _builder_version=&#8221;3.23.3&#8243; header_level=&#8221;h1&#8243; header_font=&#8221;|600|||||||&#8221; header_font_size=&#8221;40px&#8221; body_font=&#8221;||||||||&#8221; custom_margin=&#8221;||0px&#8221; custom_padding_tablet=&#8221;20px||20px|&#8221; custom_padding_phone=&#8221;10px||10px|&#8221; custom_padding_last_edited=&#8221;on|tablet&#8221; header_font_size_tablet=&#8221;30px&#8221; header_font_size_phone=&#8221;25px&#8221; header_font_size_last_edited=&#8221;on|phone&#8221; body_font_size_tablet=&#8221;&#8221; body_font_size_phone=&#8221;13px&#8221; body_font_size_last_edited=&#8221;on|desktop&#8221;][et_pb_slide heading=&#8221;Neem contact met ons op&#8221; use_text_overlay=&#8221;on&#8221; _builder_version=&#8221;3.23.3&#8243; background_image=&#8221;https:\/\/www.grandchamp.org\/wp-content\/uploads\/2016\/01\/P1100772.jpg&#8221; custom_padding_tablet=&#8221;&#8221; custom_padding_phone=&#8221;&#8221; custom_padding_last_edited=&#8221;on|desktop&#8221;][\/et_pb_slide][\/et_pb_fullwidth_slider][\/et_pb_section][et_pb_section fb_built=&#8221;1&#8243; custom_padding_last_edited=&#8221;on|desktop&#8221; admin_label=&#8221;section&#8221; _builder_version=&#8221;3.22.3&#8243; custom_padding_tablet=&#8221;50px|0|50px|0&#8243; custom_padding_phone=&#8221;&#8221; padding_mobile=&#8221;off&#8221;][et_pb_row padding_mobile=&#8221;off&#8221; column_padding_mobile=&#8221;on&#8221; admin_label=&#8221;Ligne&#8221; _builder_version=&#8221;3.25&#8243; background_size=&#8221;initial&#8221; background_position=&#8221;top_left&#8221; background_repeat=&#8221;repeat&#8221; column_structure=&#8221;1_2,1_2&#8243;][et_pb_column type=&#8221;1_2&#8243; _builder_version=&#8221;3.25&#8243; custom_padding=&#8221;|||&#8221; custom_padding__hover=&#8221;|||&#8221;][et_pb_text _builder_version=&#8221;4.5.6&#8243; background_size=&#8221;initial&#8221; background_position=&#8221;top_left&#8221; background_repeat=&#8221;repeat&#8221; hover_enabled=&#8221;0&#8243; use_border_color=&#8221;off&#8221; border_color=&#8221;#ffffff&#8221; border_style=&#8221;solid&#8221;]<\/p>\n<h3>Adres<\/h3>\n<p>Communaut\u00e9 de Grandchamp<br \/>\nGrandchamp 4<br \/>\nCH 2015 Areuse<br \/>\nZwitserland<\/p>\n<h3><\/h3>\n<h3><strong>Telefoon<\/strong><\/h3>\n<p>+41 32 842 24 92 (woensdag tot zaterdag 9h30 \u2013 11h30, 16h00 \u2013 18h00)<\/p>\n<h3><\/h3>\n<h3>E-mail<\/h3>\n<ul>\n<li><strong>algemeen<\/strong>: <a href=\"mailto:communaute@grandchamp.org\">communaute@grandchamp.org<\/a><\/li>\n<li><strong>receptie<\/strong>: <a href=\"mailto:accueil@grandchamp.org\">accueil@grandchamp.org<\/a><\/li>\n<li><strong>vrijwilligerswerk<\/strong>: <a href=\"mailto:volontariat@grandchamp.org\">volontariat@grandchamp.org<\/a><\/li>\n<li><strong>Eist d&#8217;intercession<\/strong>: <a href=\"mailto:chapelle@grandchamp.org\">chapelle@grandchamp.org<\/a><\/li>\n<li><strong>cercle d&#8217;ami\u00b7e\u00b7s<\/strong>: <a href=\"mailto:cercle.ami-e-s@grandchamp.org\">cercle.ami-e-s@grandchamp.org<\/a><\/li>\n<\/ul>\n<p>[\/et_pb_text][\/et_pb_column][et_pb_column type=&#8221;1_2&#8243; _builder_version=&#8221;3.25&#8243; custom_padding=&#8221;|||&#8221; custom_padding__hover=&#8221;|||&#8221;][et_pb_map address=&#8221;Grandchamp 4&#8243; zoom_level=&#8221;11&#8243; address_lat=&#8221;46.95220779999999&#8243; address_lng=&#8221;6.858484500000031&#8243; admin_label=&#8221;Carte&#8221; _builder_version=&#8221;3.19.11&#8243;][et_pb_map_pin title=&#8221;Communaut\u00e9 de Grandchamp&#8221; pin_address=&#8221;Grandchamp 4&#8243; pin_address_lat=&#8221;46.9522078&#8243; pin_address_lng=&#8221;6.858484500000031&#8243; _builder_version=&#8221;3.19.11&#8243;][\/et_pb_map_pin][\/et_pb_map][\/et_pb_column][\/et_pb_row][\/et_pb_section]<\/p>\n","protected":false},"excerpt":{"rendered":"<p>Adres Communaut\u00e9 de Grandchamp Grandchamp 4 CH 2015 Areuse Zwitserland Telefoon +41 32 842 24 92 (woensdag tot zaterdag 9h30 \u2013 11h30, 16h00 \u2013 18h00) E-mail algemeen: communaute@grandchamp.org receptie: accueil@grandchamp.org vrijwilligerswerk: volontariat@grandchamp.org Eist d&#8217;intercession: chapelle@grandchamp.orgcercle d&#8217;ami\u00b7e\u00b7s: cercle.ami-e-s@grandchamp.org<\/p>\n","protected":false},"author":14,"featured_media":0,"parent":0,"menu_order":95,"comment_status":"closed","ping_status":"closed","template":"","meta":{"_et_pb_use_builder":"on","_et_pb_old_content":"","_et_gb_content_width":"","jetpack_post_was_ever_published":false,"footnotes":""},"class_list":["post-21681","page","type-page","status-publish","hentry"],"yoast_head":"<!-- This site is optimized with the Yoast SEO plugin v27.1.1 - https:\/\/yoast.com\/product\/yoast-seo-wordpress\/ -->\n<title>Contact | Communaut\u00e9 de Grandchamp<\/title>\n<meta name=\"robots\" content=\"index, follow, max-snippet:-1, max-image-preview:large, max-video-preview:-1\" \/>\n<link rel=\"canonical\" href=\"https:\/\/www.grandchamp.org\/contact\/\" \/>\n<meta property=\"og:locale\" content=\"nl_NL\" \/>\n<meta property=\"og:type\" content=\"article\" \/>\n<meta property=\"og:title\" content=\"Contact | Communaut\u00e9 de Grandchamp\" \/>\n<meta property=\"og:description\" content=\"Adres Communaut\u00e9 de Grandchamp Grandchamp 4 CH 2015 Areuse Zwitserland Telefoon +41 32 842 24 92 (woensdag tot zaterdag 9h30 \u2013 11h30, 16h00 \u2013 18h00) E-mail algemeen: communaute@grandchamp.org receptie: accueil@grandchamp.org vrijwilligerswerk: volontariat@grandchamp.org Eist d&#039;intercession: chapelle@grandchamp.orgcercle d&#039;ami\u00b7e\u00b7s: cercle.ami-e-s@grandchamp.org\" \/>\n<meta property=\"og:url\" content=\"https:\/\/www.grandchamp.org\/contact\/\" \/>\n<meta property=\"og:site_name\" content=\"Communaut\u00e9 de Grandchamp\" \/>\n<meta property=\"article:publisher\" content=\"https:\/\/www.facebook.com\/communautedegrandchamp\/\" \/>\n<meta property=\"article:modified_time\" content=\"2023-04-28T09:32:26+00:00\" \/>\n<meta property=\"og:image\" content=\"https:\/\/i0.wp.com\/www.grandchamp.org\/wp-content\/uploads\/2016\/01\/3.arche-cour-srs.jpg?fit=1000%2C750&ssl=1\" \/>\n\t<meta property=\"og:image:width\" content=\"1000\" \/>\n\t<meta property=\"og:image:height\" content=\"750\" \/>\n\t<meta property=\"og:image:type\" content=\"image\/jpeg\" \/>\n<meta name=\"twitter:card\" content=\"summary_large_image\" \/>\n<meta name=\"twitter:label1\" content=\"Geschatte leestijd\" \/>\n\t<meta name=\"twitter:data1\" content=\"2 minuten\" \/>\n<script type=\"application\/ld+json\" class=\"yoast-schema-graph\">{\"@context\":\"https:\/\/schema.org\",\"@graph\":[{\"@type\":\"WebPage\",\"@id\":\"https:\/\/www.grandchamp.org\/contact\/\",\"url\":\"https:\/\/www.grandchamp.org\/contact\/\",\"name\":\"Contact | Communaut\u00e9 de Grandchamp\",\"isPartOf\":{\"@id\":\"https:\/\/www.grandchamp.org\/#website\"},\"datePublished\":\"2019-02-08T18:36:05+00:00\",\"dateModified\":\"2023-04-28T09:32:26+00:00\",\"breadcrumb\":{\"@id\":\"https:\/\/www.grandchamp.org\/contact\/#breadcrumb\"},\"inLanguage\":\"nl-NL\",\"potentialAction\":[{\"@type\":\"ReadAction\",\"target\":[\"https:\/\/www.grandchamp.org\/contact\/\"]}]},{\"@type\":\"BreadcrumbList\",\"@id\":\"https:\/\/www.grandchamp.org\/contact\/#breadcrumb\",\"itemListElement\":[{\"@type\":\"ListItem\",\"position\":1,\"name\":\"Home\",\"item\":\"https:\/\/www.grandchamp.org\/\"},{\"@type\":\"ListItem\",\"position\":2,\"name\":\"Contact\"}]},{\"@type\":\"WebSite\",\"@id\":\"https:\/\/www.grandchamp.org\/#website\",\"url\":\"https:\/\/www.grandchamp.org\/\",\"name\":\"Communaut\u00e9 de Grandchamp\",\"description\":\"Site de la Communaut\u00e9 de Grandchamp \u00e0 Areuse, Suisse\",\"publisher\":{\"@id\":\"https:\/\/www.grandchamp.org\/#organization\"},\"potentialAction\":[{\"@type\":\"SearchAction\",\"target\":{\"@type\":\"EntryPoint\",\"urlTemplate\":\"https:\/\/www.grandchamp.org\/?s={search_term_string}\"},\"query-input\":{\"@type\":\"PropertyValueSpecification\",\"valueRequired\":true,\"valueName\":\"search_term_string\"}}],\"inLanguage\":\"nl-NL\"},{\"@type\":\"Organization\",\"@id\":\"https:\/\/www.grandchamp.org\/#organization\",\"name\":\"Communaut\u00e9 de Grandchamp\",\"url\":\"https:\/\/www.grandchamp.org\/\",\"logo\":{\"@type\":\"ImageObject\",\"inLanguage\":\"nl-NL\",\"@id\":\"https:\/\/www.grandchamp.org\/#\/schema\/logo\/image\/\",\"url\":\"https:\/\/i0.wp.com\/www.grandchamp.org\/wp-content\/uploads\/2015\/12\/Communaute\u0301_Grandchamp_logodef_QUADRI.jpg?fit=2105%2C1152&ssl=1\",\"contentUrl\":\"https:\/\/i0.wp.com\/www.grandchamp.org\/wp-content\/uploads\/2015\/12\/Communaute\u0301_Grandchamp_logodef_QUADRI.jpg?fit=2105%2C1152&ssl=1\",\"width\":2105,\"height\":1152,\"caption\":\"Communaut\u00e9 de Grandchamp\"},\"image\":{\"@id\":\"https:\/\/www.grandchamp.org\/#\/schema\/logo\/image\/\"},\"sameAs\":[\"https:\/\/www.facebook.com\/communautedegrandchamp\/\"]}]}<\/script>\n<!-- \/ Yoast SEO plugin. -->","yoast_head_json":{"title":"Contact | Communaut\u00e9 de Grandchamp","robots":{"index":"index","follow":"follow","max-snippet":"max-snippet:-1","max-image-preview":"max-image-preview:large","max-video-preview":"max-video-preview:-1"},"canonical":"https:\/\/www.grandchamp.org\/contact\/","og_locale":"nl_NL","og_type":"article","og_title":"Contact | Communaut\u00e9 de Grandchamp","og_description":"Adres Communaut\u00e9 de Grandchamp Grandchamp 4 CH 2015 Areuse Zwitserland Telefoon +41 32 842 24 92 (woensdag tot zaterdag 9h30 \u2013 11h30, 16h00 \u2013 18h00) E-mail algemeen: communaute@grandchamp.org receptie: accueil@grandchamp.org vrijwilligerswerk: volontariat@grandchamp.org Eist d'intercession: chapelle@grandchamp.orgcercle d'ami\u00b7e\u00b7s: cercle.ami-e-s@grandchamp.org","og_url":"https:\/\/www.grandchamp.org\/contact\/","og_site_name":"Communaut\u00e9 de Grandchamp","article_publisher":"https:\/\/www.facebook.com\/communautedegrandchamp\/","article_modified_time":"2023-04-28T09:32:26+00:00","og_image":[{"width":1000,"height":750,"url":"https:\/\/i0.wp.com\/www.grandchamp.org\/wp-content\/uploads\/2016\/01\/3.arche-cour-srs.jpg?fit=1000%2C750&ssl=1","type":"image\/jpeg"}],"twitter_card":"summary_large_image","twitter_misc":{"Geschatte leestijd":"2 minuten"},"schema":{"@context":"https:\/\/schema.org","@graph":[{"@type":"WebPage","@id":"https:\/\/www.grandchamp.org\/contact\/","url":"https:\/\/www.grandchamp.org\/contact\/","name":"Contact | Communaut\u00e9 de Grandchamp","isPartOf":{"@id":"https:\/\/www.grandchamp.org\/#website"},"datePublished":"2019-02-08T18:36:05+00:00","dateModified":"2023-04-28T09:32:26+00:00","breadcrumb":{"@id":"https:\/\/www.grandchamp.org\/contact\/#breadcrumb"},"inLanguage":"nl-NL","potentialAction":[{"@type":"ReadAction","target":["https:\/\/www.grandchamp.org\/contact\/"]}]},{"@type":"BreadcrumbList","@id":"https:\/\/www.grandchamp.org\/contact\/#breadcrumb","itemListElement":[{"@type":"ListItem","position":1,"name":"Home","item":"https:\/\/www.grandchamp.org\/"},{"@type":"ListItem","position":2,"name":"Contact"}]},{"@type":"WebSite","@id":"https:\/\/www.grandchamp.org\/#website","url":"https:\/\/www.grandchamp.org\/","name":"Communaut\u00e9 de Grandchamp","description":"Site de la Communaut\u00e9 de Grandchamp \u00e0 Areuse, Suisse","publisher":{"@id":"https:\/\/www.grandchamp.org\/#organization"},"potentialAction":[{"@type":"SearchAction","target":{"@type":"EntryPoint","urlTemplate":"https:\/\/www.grandchamp.org\/?s={search_term_string}"},"query-input":{"@type":"PropertyValueSpecification","valueRequired":true,"valueName":"search_term_string"}}],"inLanguage":"nl-NL"},{"@type":"Organization","@id":"https:\/\/www.grandchamp.org\/#organization","name":"Communaut\u00e9 de Grandchamp","url":"https:\/\/www.grandchamp.org\/","logo":{"@type":"ImageObject","inLanguage":"nl-NL","@id":"https:\/\/www.grandchamp.org\/#\/schema\/logo\/image\/","url":"https:\/\/i0.wp.com\/www.grandchamp.org\/wp-content\/uploads\/2015\/12\/Communaute\u0301_Grandchamp_logodef_QUADRI.jpg?fit=2105%2C1152&ssl=1","contentUrl":"https:\/\/i0.wp.com\/www.grandchamp.org\/wp-content\/uploads\/2015\/12\/Communaute\u0301_Grandchamp_logodef_QUADRI.jpg?fit=2105%2C1152&ssl=1","width":2105,"height":1152,"caption":"Communaut\u00e9 de Grandchamp"},"image":{"@id":"https:\/\/www.grandchamp.org\/#\/schema\/logo\/image\/"},"sameAs":["https:\/\/www.facebook.com\/communautedegrandchamp\/"]}]}},"jetpack_shortlink":"https:\/\/wp.me\/P7jU1J-5DH","jetpack_sharing_enabled":true,"_links":{"self":[{"href":"https:\/\/www.grandchamp.org\/nl\/wp-json\/wp\/v2\/pages\/21681","targetHints":{"allow":["GET"]}}],"collection":[{"href":"https:\/\/www.grandchamp.org\/nl\/wp-json\/wp\/v2\/pages"}],"about":[{"href":"https:\/\/www.grandchamp.org\/nl\/wp-json\/wp\/v2\/types\/page"}],"author":[{"embeddable":true,"href":"https:\/\/www.grandchamp.org\/nl\/wp-json\/wp\/v2\/users\/14"}],"replies":[{"embeddable":true,"href":"https:\/\/www.grandchamp.org\/nl\/wp-json\/wp\/v2\/comments?post=21681"}],"version-history":[{"count":10,"href":"https:\/\/www.grandchamp.org\/nl\/wp-json\/wp\/v2\/pages\/21681\/revisions"}],"predecessor-version":[{"id":39901,"href":"https:\/\/www.grandchamp.org\/nl\/wp-json\/wp\/v2\/pages\/21681\/revisions\/39901"}],"wp:attachment":[{"href":"https:\/\/www.grandchamp.org\/nl\/wp-json\/wp\/v2\/media?parent=21681"}],"curies":[{"name":"wp","href":"https:\/\/api.w.org\/{rel}","templated":true}]}}